{"id":12842,"date":"2023-02-27T17:02:38","date_gmt":"2023-02-27T17:02:38","guid":{"rendered":"https:\/\/renateclinic.com\/renate-clinic\/"},"modified":"2023-03-19T11:13:32","modified_gmt":"2023-03-19T11:13:32","slug":"renate-klinik","status":"publish","type":"page","link":"https:\/\/renateclinic.com\/de\/renate-klinik\/","title":{"rendered":"RENATE KLINIK"},"content":{"rendered":"\t\t<div data-elementor-type=\"wp-page\" data-elementor-id=\"12842\" class=\"elementor elementor-12842 elementor-10549\">\n\t\t\t\t<div class=\"elementor-element elementor-element-404d4e1 e-con-full e-flex e-con e-parent\" data-id=\"404d4e1\" data-element_type=\"container\" data-settings=\"{&quot;background_background&quot;:&quot;video&quot;,&quot;background_video_link&quot;:&quot;https:\\\/\\\/www.youtube.com\\\/watch?v=U5XDJRGMr-E&quot;,&quot;background_play_on_mobile&quot;:&quot;yes&quot;}\">\n\t\t<div class=\"elementor-background-video-container\" aria-hidden=\"true\">\n\t\t\t\t\t\t\t<div class=\"elementor-background-video-embed\"><\/div>\n\t\t\t\t\t\t<\/div>\t\t<\/div>\n\t\t<div class=\"elementor-element elementor-element-049da1c e-flex e-con-boxed e-con e-parent\" data-id=\"049da1c\" data-element_type=\"container\" data-settings=\"{&quot;background_background&quot;:&quot;classic&quot;}\">\n\t\t\t\t\t<div class=\"e-con-inner\">\n\t\t<div class=\"elementor-element elementor-element-79c5d31 e-con-full e-flex e-con e-parent\" data-id=\"79c5d31\" data-element_type=\"container\">\n\t\t\t\t<div class=\"elementor-element elementor-element-df129f4 elementor-widget elementor-widget-hub_fancy_heading\" data-id=\"df129f4\" data-element_type=\"widget\" data-widget_type=\"hub_fancy_heading.default\">\n\t\t\t\t<div class=\"elementor-widget-container\">\n\t\t\t\t\t\n\t\t<div id=\"ld-fancy-heading-69d1c3c3b5dae\" class=\"ld-fancy-heading pos-rel\">\n\t\t\t<h3 class=\"ld-fh-element d-inline-block pos-rel  elementor-heading-title lqd-highlight-classic lqd-highlight-grow-left h3\"  > RENATE KLINIK\n<\/h3>\t\t<\/div>\n\n\t\t\t\t\t\t<\/div>\n\t\t\t\t<\/div>\n\t\t\t\t<div class=\"elementor-element elementor-element-4d451dd elementor-widget elementor-widget-hub_fancy_heading\" data-id=\"4d451dd\" data-element_type=\"widget\" data-widget_type=\"hub_fancy_heading.default\">\n\t\t\t\t<div class=\"elementor-widget-container\">\n\t\t\t\t\t\n\t\t<div id=\"ld-fancy-heading-69d1c3c3b6530\" class=\"ld-fancy-heading pos-rel\">\n\t\t\t<p class=\"ld-fh-element d-inline-block pos-rel  lqd-highlight-classic lqd-highlight-grow-left p\"  > Die Renate Klinik empf\u00e4ngt ihre Kunden in Ni\u015fanta\u015f\u0131, einem der beliebtesten Stadtteile Istanbuls, und bietet ihnen den besten Service, um das Aussehen ihrer Tr\u00e4ume zu erreichen. Die Renate-Klinik mit ihrer \u00fcberlegenen technologischen Ausstattung und ihrem fachkundigen Personal hat die Kundenzufriedenheit zu ihrem festen Wert gemacht; mit und ohne Chirurgie im Rahmen starker ethischer Werte; sie dient ihren Kunden mit Anwendungen der \u00e4sthetischen und plastischen Chirurgie. Die Renate Klinik verinnerlicht und reflektiert die Kunst in jedem Bereich, den sie ber\u00fchrt. Sie werden die Kunst vom Anfang bis zum Ende Ihrer Reise mit der Renate Klinik sp\u00fcren; Sie werden Zeuge des Tanzes des \u00fcberlegenen Geistes mit der Perfektion.\n\n<\/p>\t\t<\/div>\n\n\t\t\t\t\t\t<\/div>\n\t\t\t\t<\/div>\n\t\t\t\t<div class=\"elementor-element elementor-element-05cb532 elementor-widget elementor-widget-image\" data-id=\"05cb532\" data-element_type=\"widget\" data-widget_type=\"image.default\">\n\t\t\t\t<div class=\"elementor-widget-container\">\n\t\t\t\t\t\t\t\t\t\t\t\t\t\t\t<img decoding=\"async\" width=\"150\" height=\"70\" src=\"https:\/\/renateclinic.com\/wp-content\/uploads\/2023\/02\/RENATE-noktalar-1-1.png\" class=\"attachment-large size-large wp-image-10590\" alt=\"\" \/>\t\t\t\t\t\t\t\t\t\t\t\t\t\t\t<\/div>\n\t\t\t\t<\/div>\n\t\t\t\t<\/div>\n\t\t<div class=\"elementor-element elementor-element-c747f51 e-con-full e-flex e-con e-parent\" data-id=\"c747f51\" data-element_type=\"container\">\n\t\t\t\t<div class=\"elementor-element elementor-element-41092f0 elementor-widget elementor-widget-image\" data-id=\"41092f0\" data-element_type=\"widget\" data-widget_type=\"image.default\">\n\t\t\t\t<div class=\"elementor-widget-container\">\n\t\t\t\t\t\t\t\t\t\t\t\t\t\t\t<img fetchpriority=\"high\" decoding=\"async\" width=\"585\" height=\"520\" src=\"https:\/\/renateclinic.com\/wp-content\/uploads\/2023\/02\/uygulamaalr.webp\" class=\"attachment-large size-large wp-image-10592\" alt=\"\" srcset=\"https:\/\/renateclinic.com\/wp-content\/uploads\/2023\/02\/uygulamaalr.webp 585w, https:\/\/renateclinic.com\/wp-content\/uploads\/2023\/02\/uygulamaalr-300x267.webp 300w\" sizes=\"(max-width: 585px) 100vw, 585px\" \/>\t\t\t\t\t\t\t\t\t\t\t\t\t\t\t<\/div>\n\t\t\t\t<\/div>\n\t\t\t\t<\/div>\n\t\t\t\t\t<\/div>\n\t\t\t\t<\/div>\n\t\t<div class=\"elementor-element elementor-element-a5b9205 e-flex e-con-boxed e-con e-parent\" data-id=\"a5b9205\" data-element_type=\"container\">\n\t\t\t\t\t<div class=\"e-con-inner\">\n\t\t\t\t<div class=\"elementor-element elementor-element-93b63ce elementor-widget-divider--view-line_text elementor-widget-divider--element-align-center elementor-widget elementor-widget-divider\" data-id=\"93b63ce\" data-element_type=\"widget\" data-widget_type=\"divider.default\">\n\t\t\t\t<div class=\"elementor-widget-container\">\n\t\t\t\t\t\t\t<div class=\"elementor-divider\">\n\t\t\t<span class=\"elementor-divider-separator\">\n\t\t\t\t\t\t\t<span class=\"elementor-divider__text elementor-divider__element\">\n\t\t\t\tFoto\t\t\t\t<\/span>\n\t\t\t\t\t\t<\/span>\n\t\t<\/div>\n\t\t\t\t\t\t<\/div>\n\t\t\t\t<\/div>\n\t\t\t\t<div class=\"elementor-element elementor-element-825398d gallery-spacing-custom elementor-widget elementor-widget-image-gallery\" data-id=\"825398d\" data-element_type=\"widget\" data-widget_type=\"image-gallery.default\">\n\t\t\t\t<div class=\"elementor-widget-container\">\n\t\t\t\t\t\t\t<div class=\"elementor-image-gallery\">\n\t\t\t<div id='gallery-1' class='gallery galleryid-12842 gallery-columns-3 gallery-size-medium_large'><figure class='gallery-item'>\n\t\t\t<div class='gallery-icon landscape'>\n\t\t\t\t<a data-elementor-open-lightbox=\"yes\" data-elementor-lightbox-slideshow=\"825398d\" data-elementor-lightbox-title=\"1\" data-e-action-hash=\"#elementor-action%3Aaction%3Dlightbox%26settings%3DeyJpZCI6MTIyNDUsInVybCI6Imh0dHBzOlwvXC9yZW5hdGVjbGluaWMuY29tXC93cC1jb250ZW50XC91cGxvYWRzXC8yMDIzXC8wMlwvMS53ZWJwIiwic2xpZGVzaG93IjoiODI1Mzk4ZCJ9\" href='https:\/\/renateclinic.com\/wp-content\/uploads\/2023\/02\/1.webp'><img decoding=\"async\" width=\"768\" height=\"512\" src=\"https:\/\/renateclinic.com\/wp-content\/uploads\/2023\/02\/1.webp\" class=\"attachment-medium_large size-medium_large\" alt=\"\" srcset=\"https:\/\/renateclinic.com\/wp-content\/uploads\/2023\/02\/1.webp 1000w, https:\/\/renateclinic.com\/wp-content\/uploads\/2023\/02\/1-300x200.webp 300w\" sizes=\"(max-width: 768px) 100vw, 768px\" \/><\/a>\n\t\t\t<\/div><\/figure><figure class='gallery-item'>\n\t\t\t<div class='gallery-icon landscape'>\n\t\t\t\t<a data-elementor-open-lightbox=\"yes\" data-elementor-lightbox-slideshow=\"825398d\" data-elementor-lightbox-title=\"2\" data-e-action-hash=\"#elementor-action%3Aaction%3Dlightbox%26settings%3DeyJpZCI6MTIyNDIsInVybCI6Imh0dHBzOlwvXC9yZW5hdGVjbGluaWMuY29tXC93cC1jb250ZW50XC91cGxvYWRzXC8yMDIzXC8wMlwvMi53ZWJwIiwic2xpZGVzaG93IjoiODI1Mzk4ZCJ9\" href='https:\/\/renateclinic.com\/wp-content\/uploads\/2023\/02\/2.webp'><img loading=\"lazy\" decoding=\"async\" width=\"768\" height=\"512\" src=\"https:\/\/renateclinic.com\/wp-content\/uploads\/2023\/02\/2.webp\" class=\"attachment-medium_large size-medium_large\" alt=\"\" srcset=\"https:\/\/renateclinic.com\/wp-content\/uploads\/2023\/02\/2.webp 1000w, https:\/\/renateclinic.com\/wp-content\/uploads\/2023\/02\/2-300x200.webp 300w\" sizes=\"(max-width: 768px) 100vw, 768px\" \/><\/a>\n\t\t\t<\/div><\/figure><figure class='gallery-item'>\n\t\t\t<div class='gallery-icon landscape'>\n\t\t\t\t<a data-elementor-open-lightbox=\"yes\" data-elementor-lightbox-slideshow=\"825398d\" data-elementor-lightbox-title=\"5\" data-e-action-hash=\"#elementor-action%3Aaction%3Dlightbox%26settings%3DeyJpZCI6MTIyMzMsInVybCI6Imh0dHBzOlwvXC9yZW5hdGVjbGluaWMuY29tXC93cC1jb250ZW50XC91cGxvYWRzXC8yMDIzXC8wMlwvNS0xLndlYnAiLCJzbGlkZXNob3ciOiI4MjUzOThkIn0%3D\" href='https:\/\/renateclinic.com\/wp-content\/uploads\/2023\/02\/5-1.webp'><img loading=\"lazy\" decoding=\"async\" width=\"768\" height=\"512\" src=\"https:\/\/renateclinic.com\/wp-content\/uploads\/2023\/02\/5-1.webp\" class=\"attachment-medium_large size-medium_large\" alt=\"\" srcset=\"https:\/\/renateclinic.com\/wp-content\/uploads\/2023\/02\/5-1.webp 1000w, https:\/\/renateclinic.com\/wp-content\/uploads\/2023\/02\/5-1-300x200.webp 300w\" sizes=\"(max-width: 768px) 100vw, 768px\" \/><\/a>\n\t\t\t<\/div><\/figure><figure class='gallery-item'>\n\t\t\t<div class='gallery-icon landscape'>\n\t\t\t\t<a data-elementor-open-lightbox=\"yes\" data-elementor-lightbox-slideshow=\"825398d\" data-elementor-lightbox-title=\"3\" data-e-action-hash=\"#elementor-action%3Aaction%3Dlightbox%26settings%3DeyJpZCI6MTIyMzksInVybCI6Imh0dHBzOlwvXC9yZW5hdGVjbGluaWMuY29tXC93cC1jb250ZW50XC91cGxvYWRzXC8yMDIzXC8wMlwvMy0xLndlYnAiLCJzbGlkZXNob3ciOiI4MjUzOThkIn0%3D\" href='https:\/\/renateclinic.com\/wp-content\/uploads\/2023\/02\/3-1.webp'><img loading=\"lazy\" decoding=\"async\" width=\"768\" height=\"512\" src=\"https:\/\/renateclinic.com\/wp-content\/uploads\/2023\/02\/3-1.webp\" class=\"attachment-medium_large size-medium_large\" alt=\"\" srcset=\"https:\/\/renateclinic.com\/wp-content\/uploads\/2023\/02\/3-1.webp 1000w, https:\/\/renateclinic.com\/wp-content\/uploads\/2023\/02\/3-1-300x200.webp 300w\" sizes=\"(max-width: 768px) 100vw, 768px\" \/><\/a>\n\t\t\t<\/div><\/figure><figure class='gallery-item'>\n\t\t\t<div class='gallery-icon landscape'>\n\t\t\t\t<a data-elementor-open-lightbox=\"yes\" data-elementor-lightbox-slideshow=\"825398d\" data-elementor-lightbox-title=\"6\" data-e-action-hash=\"#elementor-action%3Aaction%3Dlightbox%26settings%3DeyJpZCI6MTIyMzAsInVybCI6Imh0dHBzOlwvXC9yZW5hdGVjbGluaWMuY29tXC93cC1jb250ZW50XC91cGxvYWRzXC8yMDIzXC8wMlwvNi53ZWJwIiwic2xpZGVzaG93IjoiODI1Mzk4ZCJ9\" href='https:\/\/renateclinic.com\/wp-content\/uploads\/2023\/02\/6.webp'><img loading=\"lazy\" decoding=\"async\" width=\"768\" height=\"512\" src=\"https:\/\/renateclinic.com\/wp-content\/uploads\/2023\/02\/6.webp\" class=\"attachment-medium_large size-medium_large\" alt=\"\" srcset=\"https:\/\/renateclinic.com\/wp-content\/uploads\/2023\/02\/6.webp 1000w, https:\/\/renateclinic.com\/wp-content\/uploads\/2023\/02\/6-300x200.webp 300w\" sizes=\"(max-width: 768px) 100vw, 768px\" \/><\/a>\n\t\t\t<\/div><\/figure><figure class='gallery-item'>\n\t\t\t<div class='gallery-icon landscape'>\n\t\t\t\t<a data-elementor-open-lightbox=\"yes\" data-elementor-lightbox-slideshow=\"825398d\" data-elementor-lightbox-title=\"4\" data-e-action-hash=\"#elementor-action%3Aaction%3Dlightbox%26settings%3DeyJpZCI6MTIyMzYsInVybCI6Imh0dHBzOlwvXC9yZW5hdGVjbGluaWMuY29tXC93cC1jb250ZW50XC91cGxvYWRzXC8yMDIzXC8wMlwvNC0xLndlYnAiLCJzbGlkZXNob3ciOiI4MjUzOThkIn0%3D\" href='https:\/\/renateclinic.com\/wp-content\/uploads\/2023\/02\/4-1.webp'><img loading=\"lazy\" decoding=\"async\" width=\"768\" height=\"512\" src=\"https:\/\/renateclinic.com\/wp-content\/uploads\/2023\/02\/4-1.webp\" class=\"attachment-medium_large size-medium_large\" alt=\"\" srcset=\"https:\/\/renateclinic.com\/wp-content\/uploads\/2023\/02\/4-1.webp 1000w, https:\/\/renateclinic.com\/wp-content\/uploads\/2023\/02\/4-1-300x200.webp 300w\" sizes=\"(max-width: 768px) 100vw, 768px\" \/><\/a>\n\t\t\t<\/div><\/figure><figure class='gallery-item'>\n\t\t\t<div class='gallery-icon landscape'>\n\t\t\t\t<a data-elementor-open-lightbox=\"yes\" data-elementor-lightbox-slideshow=\"825398d\" data-elementor-lightbox-title=\"7\" data-e-action-hash=\"#elementor-action%3Aaction%3Dlightbox%26settings%3DeyJpZCI6MTIyMjcsInVybCI6Imh0dHBzOlwvXC9yZW5hdGVjbGluaWMuY29tXC93cC1jb250ZW50XC91cGxvYWRzXC8yMDIzXC8wMlwvNy53ZWJwIiwic2xpZGVzaG93IjoiODI1Mzk4ZCJ9\" href='https:\/\/renateclinic.com\/wp-content\/uploads\/2023\/02\/7.webp'><img loading=\"lazy\" decoding=\"async\" width=\"768\" height=\"512\" src=\"https:\/\/renateclinic.com\/wp-content\/uploads\/2023\/02\/7.webp\" class=\"attachment-medium_large size-medium_large\" alt=\"\" srcset=\"https:\/\/renateclinic.com\/wp-content\/uploads\/2023\/02\/7.webp 1000w, https:\/\/renateclinic.com\/wp-content\/uploads\/2023\/02\/7-300x200.webp 300w\" sizes=\"(max-width: 768px) 100vw, 768px\" \/><\/a>\n\t\t\t<\/div><\/figure><figure class='gallery-item'>\n\t\t\t<div class='gallery-icon landscape'>\n\t\t\t\t<a data-elementor-open-lightbox=\"yes\" data-elementor-lightbox-slideshow=\"825398d\" data-elementor-lightbox-title=\"8\" data-e-action-hash=\"#elementor-action%3Aaction%3Dlightbox%26settings%3DeyJpZCI6MTIyMjQsInVybCI6Imh0dHBzOlwvXC9yZW5hdGVjbGluaWMuY29tXC93cC1jb250ZW50XC91cGxvYWRzXC8yMDIzXC8wMlwvOC53ZWJwIiwic2xpZGVzaG93IjoiODI1Mzk4ZCJ9\" href='https:\/\/renateclinic.com\/wp-content\/uploads\/2023\/02\/8.webp'><img loading=\"lazy\" decoding=\"async\" width=\"768\" height=\"512\" src=\"https:\/\/renateclinic.com\/wp-content\/uploads\/2023\/02\/8.webp\" class=\"attachment-medium_large size-medium_large\" alt=\"\" srcset=\"https:\/\/renateclinic.com\/wp-content\/uploads\/2023\/02\/8.webp 1000w, https:\/\/renateclinic.com\/wp-content\/uploads\/2023\/02\/8-300x200.webp 300w\" sizes=\"(max-width: 768px) 100vw, 768px\" \/><\/a>\n\t\t\t<\/div><\/figure><figure class='gallery-item'>\n\t\t\t<div class='gallery-icon landscape'>\n\t\t\t\t<a data-elementor-open-lightbox=\"yes\" data-elementor-lightbox-slideshow=\"825398d\" data-elementor-lightbox-title=\"9\" data-e-action-hash=\"#elementor-action%3Aaction%3Dlightbox%26settings%3DeyJpZCI6MTIyMjEsInVybCI6Imh0dHBzOlwvXC9yZW5hdGVjbGluaWMuY29tXC93cC1jb250ZW50XC91cGxvYWRzXC8yMDIzXC8wMlwvOS0xLndlYnAiLCJzbGlkZXNob3ciOiI4MjUzOThkIn0%3D\" href='https:\/\/renateclinic.com\/wp-content\/uploads\/2023\/02\/9-1.webp'><img loading=\"lazy\" decoding=\"async\" width=\"768\" height=\"512\" src=\"https:\/\/renateclinic.com\/wp-content\/uploads\/2023\/02\/9-1.webp\" class=\"attachment-medium_large size-medium_large\" alt=\"\" srcset=\"https:\/\/renateclinic.com\/wp-content\/uploads\/2023\/02\/9-1.webp 1000w, https:\/\/renateclinic.com\/wp-content\/uploads\/2023\/02\/9-1-300x200.webp 300w\" sizes=\"(max-width: 768px) 100vw, 768px\" \/><\/a>\n\t\t\t<\/div><\/figure><figure class='gallery-item'>\n\t\t\t<div class='gallery-icon landscape'>\n\t\t\t\t<a data-elementor-open-lightbox=\"yes\" data-elementor-lightbox-slideshow=\"825398d\" data-elementor-lightbox-title=\"10\" data-e-action-hash=\"#elementor-action%3Aaction%3Dlightbox%26settings%3DeyJpZCI6MTIyMTgsInVybCI6Imh0dHBzOlwvXC9yZW5hdGVjbGluaWMuY29tXC93cC1jb250ZW50XC91cGxvYWRzXC8yMDIzXC8wMlwvMTAud2VicCIsInNsaWRlc2hvdyI6IjgyNTM5OGQifQ%3D%3D\" href='https:\/\/renateclinic.com\/wp-content\/uploads\/2023\/02\/10.webp'><img loading=\"lazy\" decoding=\"async\" width=\"768\" height=\"512\" src=\"https:\/\/renateclinic.com\/wp-content\/uploads\/2023\/02\/10.webp\" class=\"attachment-medium_large size-medium_large\" alt=\"\" srcset=\"https:\/\/renateclinic.com\/wp-content\/uploads\/2023\/02\/10.webp 1000w, https:\/\/renateclinic.com\/wp-content\/uploads\/2023\/02\/10-300x200.webp 300w\" sizes=\"(max-width: 768px) 100vw, 768px\" \/><\/a>\n\t\t\t<\/div><\/figure><figure class='gallery-item'>\n\t\t\t<div class='gallery-icon landscape'>\n\t\t\t\t<a data-elementor-open-lightbox=\"yes\" data-elementor-lightbox-slideshow=\"825398d\" data-elementor-lightbox-title=\"11\" data-e-action-hash=\"#elementor-action%3Aaction%3Dlightbox%26settings%3DeyJpZCI6MTIyMTUsInVybCI6Imh0dHBzOlwvXC9yZW5hdGVjbGluaWMuY29tXC93cC1jb250ZW50XC91cGxvYWRzXC8yMDIzXC8wMlwvMTEud2VicCIsInNsaWRlc2hvdyI6IjgyNTM5OGQifQ%3D%3D\" href='https:\/\/renateclinic.com\/wp-content\/uploads\/2023\/02\/11.webp'><img loading=\"lazy\" decoding=\"async\" width=\"768\" height=\"512\" src=\"https:\/\/renateclinic.com\/wp-content\/uploads\/2023\/02\/11.webp\" class=\"attachment-medium_large size-medium_large\" alt=\"\" srcset=\"https:\/\/renateclinic.com\/wp-content\/uploads\/2023\/02\/11.webp 1000w, https:\/\/renateclinic.com\/wp-content\/uploads\/2023\/02\/11-300x200.webp 300w\" sizes=\"(max-width: 768px) 100vw, 768px\" \/><\/a>\n\t\t\t<\/div><\/figure><figure class='gallery-item'>\n\t\t\t<div class='gallery-icon landscape'>\n\t\t\t\t<a data-elementor-open-lightbox=\"yes\" data-elementor-lightbox-slideshow=\"825398d\" data-elementor-lightbox-title=\"12\" data-e-action-hash=\"#elementor-action%3Aaction%3Dlightbox%26settings%3DeyJpZCI6MTIyMTIsInVybCI6Imh0dHBzOlwvXC9yZW5hdGVjbGluaWMuY29tXC93cC1jb250ZW50XC91cGxvYWRzXC8yMDIzXC8wMlwvMTIud2VicCIsInNsaWRlc2hvdyI6IjgyNTM5OGQifQ%3D%3D\" href='https:\/\/renateclinic.com\/wp-content\/uploads\/2023\/02\/12.webp'><img loading=\"lazy\" decoding=\"async\" width=\"768\" height=\"512\" src=\"https:\/\/renateclinic.com\/wp-content\/uploads\/2023\/02\/12.webp\" class=\"attachment-medium_large size-medium_large\" alt=\"\" srcset=\"https:\/\/renateclinic.com\/wp-content\/uploads\/2023\/02\/12.webp 1000w, https:\/\/renateclinic.com\/wp-content\/uploads\/2023\/02\/12-300x200.webp 300w\" sizes=\"(max-width: 768px) 100vw, 768px\" \/><\/a>\n\t\t\t<\/div><\/figure><figure class='gallery-item'>\n\t\t\t<div class='gallery-icon landscape'>\n\t\t\t\t<a data-elementor-open-lightbox=\"yes\" data-elementor-lightbox-slideshow=\"825398d\" data-elementor-lightbox-title=\"13\" data-e-action-hash=\"#elementor-action%3Aaction%3Dlightbox%26settings%3DeyJpZCI6MTIyMDksInVybCI6Imh0dHBzOlwvXC9yZW5hdGVjbGluaWMuY29tXC93cC1jb250ZW50XC91cGxvYWRzXC8yMDIzXC8wMlwvMTMud2VicCIsInNsaWRlc2hvdyI6IjgyNTM5OGQifQ%3D%3D\" href='https:\/\/renateclinic.com\/wp-content\/uploads\/2023\/02\/13.webp'><img loading=\"lazy\" decoding=\"async\" width=\"768\" height=\"512\" src=\"https:\/\/renateclinic.com\/wp-content\/uploads\/2023\/02\/13.webp\" class=\"attachment-medium_large size-medium_large\" alt=\"\" srcset=\"https:\/\/renateclinic.com\/wp-content\/uploads\/2023\/02\/13.webp 1000w, https:\/\/renateclinic.com\/wp-content\/uploads\/2023\/02\/13-300x200.webp 300w\" sizes=\"(max-width: 768px) 100vw, 768px\" \/><\/a>\n\t\t\t<\/div><\/figure><figure class='gallery-item'>\n\t\t\t<div class='gallery-icon landscape'>\n\t\t\t\t<a data-elementor-open-lightbox=\"yes\" data-elementor-lightbox-slideshow=\"825398d\" data-elementor-lightbox-title=\"14\" data-e-action-hash=\"#elementor-action%3Aaction%3Dlightbox%26settings%3DeyJpZCI6MTIyMDYsInVybCI6Imh0dHBzOlwvXC9yZW5hdGVjbGluaWMuY29tXC93cC1jb250ZW50XC91cGxvYWRzXC8yMDIzXC8wMlwvMTQud2VicCIsInNsaWRlc2hvdyI6IjgyNTM5OGQifQ%3D%3D\" href='https:\/\/renateclinic.com\/wp-content\/uploads\/2023\/02\/14.webp'><img loading=\"lazy\" decoding=\"async\" width=\"768\" height=\"512\" src=\"https:\/\/renateclinic.com\/wp-content\/uploads\/2023\/02\/14.webp\" class=\"attachment-medium_large size-medium_large\" alt=\"\" srcset=\"https:\/\/renateclinic.com\/wp-content\/uploads\/2023\/02\/14.webp 1000w, https:\/\/renateclinic.com\/wp-content\/uploads\/2023\/02\/14-300x200.webp 300w\" sizes=\"(max-width: 768px) 100vw, 768px\" \/><\/a>\n\t\t\t<\/div><\/figure><figure class='gallery-item'>\n\t\t\t<div class='gallery-icon landscape'>\n\t\t\t\t<a data-elementor-open-lightbox=\"yes\" data-elementor-lightbox-slideshow=\"825398d\" data-elementor-lightbox-title=\"15\" data-e-action-hash=\"#elementor-action%3Aaction%3Dlightbox%26settings%3DeyJpZCI6MTIyMDMsInVybCI6Imh0dHBzOlwvXC9yZW5hdGVjbGluaWMuY29tXC93cC1jb250ZW50XC91cGxvYWRzXC8yMDIzXC8wMlwvMTUud2VicCIsInNsaWRlc2hvdyI6IjgyNTM5OGQifQ%3D%3D\" href='https:\/\/renateclinic.com\/wp-content\/uploads\/2023\/02\/15.webp'><img loading=\"lazy\" decoding=\"async\" width=\"768\" height=\"512\" src=\"https:\/\/renateclinic.com\/wp-content\/uploads\/2023\/02\/15.webp\" class=\"attachment-medium_large size-medium_large\" alt=\"\" srcset=\"https:\/\/renateclinic.com\/wp-content\/uploads\/2023\/02\/15.webp 1000w, https:\/\/renateclinic.com\/wp-content\/uploads\/2023\/02\/15-300x200.webp 300w\" sizes=\"(max-width: 768px) 100vw, 768px\" \/><\/a>\n\t\t\t<\/div><\/figure>\n\t\t<\/div>\n\t\t<\/div>\n\t\t\t\t\t\t<\/div>\n\t\t\t\t<\/div>\n\t\t\t\t\t<\/div>\n\t\t\t\t<\/div>\n\t\t\t\t<\/div>\n\t\t","protected":false},"excerpt":{"rendered":"<p>RENATE KLINIK Die Renate Klinik empf\u00e4ngt ihre Kunden in Ni\u015fanta\u015f\u0131, einem der beliebtesten Stadtteile Istanbuls, und bietet ihnen den besten Service, um das Aussehen ihrer Tr\u00e4ume zu erreichen. Die Renate-Klinik mit ihrer \u00fcberlegenen technologischen Ausstattung und ihrem fachkundigen Personal hat die Kundenzufriedenheit zu ihrem festen Wert gemacht; mit und ohne Chirurgie im Rahmen starker ethischer [&hellip;]<\/p>\n","protected":false},"author":1,"featured_media":0,"parent":0,"menu_order":0,"comment_status":"closed","ping_status":"closed","template":"","meta":{"_joinchat":[],"footnotes":""},"class_list":["post-12842","page","type-page","status-publish","hentry"],"_links":{"self":[{"href":"https:\/\/renateclinic.com\/de\/wp-json\/wp\/v2\/pages\/12842","targetHints":{"allow":["GET"]}}],"collection":[{"href":"https:\/\/renateclinic.com\/de\/wp-json\/wp\/v2\/pages"}],"about":[{"href":"https:\/\/renateclinic.com\/de\/wp-json\/wp\/v2\/types\/page"}],"author":[{"embeddable":true,"href":"https:\/\/renateclinic.com\/de\/wp-json\/wp\/v2\/users\/1"}],"replies":[{"embeddable":true,"href":"https:\/\/renateclinic.com\/de\/wp-json\/wp\/v2\/comments?post=12842"}],"version-history":[{"count":0,"href":"https:\/\/renateclinic.com\/de\/wp-json\/wp\/v2\/pages\/12842\/revisions"}],"wp:attachment":[{"href":"https:\/\/renateclinic.com\/de\/wp-json\/wp\/v2\/media?parent=12842"}],"curies":[{"name":"wp","href":"https:\/\/api.w.org\/{rel}","templated":true}]}}