{"id":13250,"date":"2023-03-04T12:36:20","date_gmt":"2023-03-04T12:36:20","guid":{"rendered":"https:\/\/renateclinic.com\/kisisel-verilerin-korunmasi-kanunu-aydinlatma-metni\/"},"modified":"2023-03-21T14:58:01","modified_gmt":"2023-03-21T14:58:01","slug":"dsgvo","status":"publish","type":"page","link":"https:\/\/renateclinic.com\/de\/dsgvo\/","title":{"rendered":"DSGVO"},"content":{"rendered":"<div class=\"elementor-element elementor-element-109728d5 elementor-widget elementor-widget-heading\" data-id=\"109728d5\" data-element_type=\"widget\" data-widget_type=\"heading.default\">\n<div class=\"elementor-widget-container\">\n<p>RENATE CL\u0130N\u0130C<br \/>\nERL\u00c4UTERUNGSTEXT ZUR VERARBEITUNG VON PERSONENBEZOGENEN DATEN<\/p>\n<p>RENATE CL\u0130N\u0130C Um die pers\u00f6nlichen Daten ihrer Kunden, Gesch\u00e4ftspartner und anderer Dritter, mit denen sie in Beziehung steht, zu sch\u00fctzen sowie den Datenschutz und die Datensicherheit zu gew\u00e4hrleisten, wird Ihnen dieser Beleuchtungstext \u00fcber den Schutz der pers\u00f6nlichen Daten als Datenschutzbeauftragter zur Kenntnis gebracht, um Sie zu informieren.<\/p>\n<p>Dieser Beleuchtungstext RENATE CL\u0130N\u0130C wurde von der Gesellschaft (\u201eGesellschaft\u201c) zu dem Zweck erstellt, die Kunden der Gesellschaft \u00fcber die Verarbeitung ihrer pers\u00f6nlichen Daten durch die Gesellschaft in \u00dcbereinstimmung mit dem Datenschutzgesetz Nr. 6698 (\u201eGesetz\u201c) aufzukl\u00e4ren.<\/p>\n<p>a) Methoden der Beschaffung personenbezogener Daten und Rechtsgrundlagen<br \/>\nIhre pers\u00f6nlichen Daten werden elektronisch oder physisch gesammelt. Ihre pers\u00f6nlichen Daten, die aus den in diesem Beleuchtungstext genannten rechtlichen Gr\u00fcnden erhoben werden, unterliegen dem Gesetz 5. und 6. pers\u00f6nliche Daten k\u00f6nnen im Rahmen der in den Artikeln genannten Verarbeitungsbedingungen verarbeitet und weitergegeben werden.<\/p>\n<p>&nbsp;<\/p>\n<p>b) Zwecke der Verarbeitung personenbezogener Daten<br \/>\nIhre pers\u00f6nlichen Daten, Gesetz 5. und 6. Planung und Durchf\u00fchrung der Aktivit\u00e4ten, die erforderlich sind, um die von der Gesellschaft angebotenen Produkte und Dienstleistungen entsprechend den Vorlieben, Nutzungsgewohnheiten und Bed\u00fcrfnissen der Betroffenen in \u00dcbereinstimmung mit den in den Artikeln festgelegten Bedingungen f\u00fcr die Verarbeitung personenbezogener Daten vorzuschlagen und zu f\u00f6rdern, Durchf\u00fchrung der Arbeiten, die erforderlich sind, um die Betroffenen von den von der Gesellschaft angebotenen Produkten und Dienstleistungen durch die Gesch\u00e4ftseinheiten zu profitieren, und Durchf\u00fchrung der entsprechenden Gesch\u00e4ftsprozesse, die von den Gesch\u00e4ftsbereichen des Unternehmens durchgef\u00fchrten T\u00e4tigkeiten und die damit zusammenh\u00e4ngenden Gesch\u00e4ftsprozesse, die f\u00fcr die Verwirklichung der Ausf\u00fchrung der Handels- und\/oder Gesch\u00e4ftsstrategie des Unternehmens sowie f\u00fcr die Planung und Durchf\u00fchrung einer Gesch\u00e4ftsbeziehung mit dem Unternehmen und dem Unternehmen der betroffenen Personen in rechtlicher, technischer und gesch\u00e4ftlicher Hinsicht relevant sind, verarbeitet werden.<\/p>\n<p>&nbsp;<\/p>\n<p>c) Parteien und Zwecke der Weitergabe personenbezogener Daten<br \/>\nPlanung und Durchf\u00fchrung von Aktivit\u00e4ten, die notwendig sind, um Ihre pers\u00f6nlichen Daten, die von der Gesellschaft angebotenen Produkte und Dienstleistungen an den Geschmack, die Nutzungsgewohnheiten und die Bed\u00fcrfnisse der betroffenen Personen anzupassen und sie den betreffenden Personen zu empfehlen und zu f\u00f6rdern, im Rahmen der Bedingungen und Zwecke der Verarbeitung personenbezogener Daten, die in den Artikeln 8 und 9 des Gesetzes angegeben sind, die notwendigen Arbeiten durchzuf\u00fchren, um die betroffenen Personen von den von der Gesellschaft angebotenen Produkten und Dienstleistungen zu profitieren und die entsprechenden Gesch\u00e4ftsprozesse durchzuf\u00fchren, zur Durchf\u00fchrung der notwendigen Arbeiten durch die entsprechenden Gesch\u00e4ftseinheiten f\u00fcr die Realisierung der von der Gesellschaft ausge\u00fcbten kommerziellen Aktivit\u00e4ten, die Gesch\u00e4ftspartner und Lieferanten der Gesellschaft, rechtlich befugte Institutionen und Organisationen und rechtlich befugte Institutionen und Organisationen zum Zwecke der Planung und Ausf\u00fchrung von Gesch\u00e4ftsstrategien und der Gew\u00e4hrleistung der rechtlichen, technischen und kommerziell-beruflichen Sicherheit der Gesellschaft und der mit der Gesellschaft in Gesch\u00e4ftsbeziehung stehenden Personen. k\u00f6nnen an befugte juristische Personen des Privatrechts weitergegeben werden.<\/p>\n<p>&nbsp;<\/p>\n<p>d) Rechte der Dateneigent\u00fcmer und Nutzung dieser Rechte<br \/>\nWenn Sie als Inhaber personenbezogener Daten Ihre Anfragen bez\u00fcglich Ihrer unten genannten Rechte \u00fcber die unter der \u00dcberschrift Aus\u00fcbung der Rechte durch die Inhaber der Daten angegebenen Methoden an das Unternehmen richten, werden Ihre Anfragen von unserem Unternehmen so schnell wie m\u00f6glich und in jedem Fall innerhalb von 30 (drei\u00dfig) Tagen gepr\u00fcft und abgeschlossen.<\/p>\n<p>Gem\u00e4\u00df Artikel 11 des Gesetzes haben Sie als Inhaber personenbezogener Daten die folgenden Rechte:<br \/>\nzu erfahren, ob Ihre personenbezogenen Daten verarbeitet werden oder nicht,<br \/>\nWenn Ihre personenbezogenen Daten verarbeitet wurden, k\u00f6nnen Sie Informationen dar\u00fcber anfordern,<br \/>\nUm zu erfahren, zu welchem Zweck Ihre personenbezogenen Daten verarbeitet werden und ob sie in \u00dcbereinstimmung mit diesem Zweck verwendet werden,<br \/>\nKenntnis der Dritten, an die Ihre personenbezogenen Daten im In- und Ausland \u00fcbermittelt werden,<br \/>\nAufforderung zur Berichtigung Ihrer personenbezogenen Daten im Falle einer unvollst\u00e4ndigen oder unrichtigen Verarbeitung und Aufforderung zur Mitteilung der in diesem Rahmen durchgef\u00fchrten Transaktion an die Dritten, an die die personenbezogenen Daten \u00fcbermittelt wurden,<br \/>\ndie L\u00f6schung oder Vernichtung Ihrer personenbezogenen Daten zu verlangen, wenn die Gr\u00fcnde f\u00fcr ihre Verarbeitung nicht mehr bestehen, obwohl sie in \u00dcbereinstimmung mit den gesetzlichen Bestimmungen und anderen einschl\u00e4gigen Gesetzen verarbeitet wurden, und die Mitteilung der in diesem Rahmen vorgenommenen Transaktion an die Dritten zu verlangen, an die die personenbezogenen Daten \u00fcbermittelt wurden,<br \/>\nEinspruch gegen das Entstehen eines Ergebnisses gegen die Person selbst durch Analyse Ihrer verarbeiteten Daten ausschlie\u00dflich durch automatisierte Systeme,<br \/>\ndie Wiedergutmachung des Schadens zu verlangen, wenn der Schaden auf eine unrechtm\u00e4\u00dfige Verarbeitung Ihrer pers\u00f6nlichen Daten zur\u00fcckzuf\u00fchren ist.<br \/>\nIn Artikel 28 Absatz 2 des Gesetzes sind die F\u00e4lle aufgelistet, in denen die Eigent\u00fcmer der Daten kein Recht auf Nachfrage haben, und zwar in diesem Zusammenhang;<br \/>\nDie Verarbeitung personenbezogener Daten ist f\u00fcr die Verh\u00fctung von Straftaten oder f\u00fcr strafrechtliche Ermittlungen erforderlich,<br \/>\nVerarbeitung personenbezogener Daten, die von der betroffenen Person ver\u00f6ffentlicht wurden,<br \/>\nDie Verarbeitung personenbezogener Daten ist f\u00fcr die Erf\u00fcllung von Aufsichts- oder Regulierungsaufgaben sowie f\u00fcr disziplinarische Ermittlungen oder die Strafverfolgung durch befugte und autorisierte \u00f6ffentliche Einrichtungen und Organisationen und Berufsverb\u00e4nde in der Art einer \u00f6ffentlichen Einrichtung auf der Grundlage der vom Gesetz gegebenen Befugnisse erforderlich,<br \/>\nIn F\u00e4llen, in denen die Verarbeitung personenbezogener Daten f\u00fcr den Schutz der wirtschaftlichen und finanziellen Interessen des Staates in Bezug auf Haushalts-, Steuer- und Finanzangelegenheiten erforderlich ist, k\u00f6nnen die oben genannten Rechte in Bezug auf die Daten nicht in Anspruch genommen werden.<br \/>\nDa die Daten in den folgenden F\u00e4llen nicht in den Anwendungsbereich des Gesetzes fallen, werden gem\u00e4\u00df Artikel 28 Absatz 1 des Gesetzes auch die Antr\u00e4ge der Dateninhaber nicht in Bezug auf diese Daten bearbeitet:<br \/>\nVerarbeitung personenbezogener Daten durch reale Personen im Rahmen von T\u00e4tigkeiten, die sich auf sie selbst oder auf Familienangeh\u00f6rige beziehen, die in derselben Wohnung leben, sofern sie nicht an Dritte weitergegeben werden und die Verpflichtungen zur Datensicherheit eingehalten werden.<\/p>\n<p>Verarbeitung personenbezogener Daten f\u00fcr Zwecke wie Forschung, Planung und Statistik durch Anonymisierung in der amtlichen Statistik.<br \/>\nVerarbeitung personenbezogener Daten zu k\u00fcnstlerischen, historischen, literarischen oder wissenschaftlichen Zwecken oder im Rahmen der freien Meinungs\u00e4u\u00dferung, sofern sie nicht gegen die Landesverteidigung, die nationale Sicherheit, die \u00f6ffentliche Sicherheit, die \u00f6ffentliche Ordnung, die wirtschaftliche Sicherheit, die Privatsph\u00e4re oder die Pers\u00f6nlichkeitsrechte verst\u00f6\u00dft oder eine Straftat darstellt.<\/p>\n<p>Processing of personal data within the scope of preventive, protective and intelligence activities carried out by public institutions and organizations authorized by law to ensure national defense, national security, public safety, public order or economic security.<br \/>\nVerarbeitung personenbezogener Daten durch Justizbeh\u00f6rden oder Vollstreckungsbeh\u00f6rden im Zusammenhang mit Ermittlungs-, Strafverfolgungs-, Gerichts- oder Vollstreckungsverfahren.<br \/>\nAus\u00fcbung der Rechte von Dateninhabern<br \/>\nDie Antr\u00e4ge werden auf eine der folgenden Arten gestellt, zusammen mit Dokumenten, die den jeweiligen Dateneigent\u00fcmer identifizieren:<br \/>\nAusf\u00fcllen des Formulars und \u00dcbersendung des nass unterschriebenen Exemplars per Hand, \u00fcber einen Notar oder per Einschreiben mit R\u00fcckschein an die<\/p>\n<p>Adresse [Harbiye Mah. Abdi \u0130pek\u00e7i Cad. K\u0131z\u0131lkaya Apt. No:59 D:1 34367 \u015ei\u015fli\/\u0130stanbul], Unterzeichnung des Formulars mit einer sicheren elektronischen Signatur, die durch das Gesetz \u00fcber die elektronische Signatur Nr. 5070 geregelt ist, und Unterzeichnung per E-Mail\u00a0info@renateclinic.com, die auf die E-Mail-Adresse registriert ist, nach einem vom Amt f\u00fcr den Schutz personenbezogener Daten vorgeschriebenen Verfahren.<\/p>\n<p>Das Unternehmen antwortet den Inhabern der Daten, die diese Rechte innerhalb der im Gesetz vorgesehenen Grenzen aus\u00fcben wollen, innerhalb von h\u00f6chstens drei\u00dfig (30) Tagen, wie im Gesetz vorgesehen. Damit Dritte einen Antrag im Namen des Inhabers der personenbezogenen Daten stellen k\u00f6nnen, muss eine spezielle Vollmacht vorliegen, die vom Inhaber der Daten \u00fcber einen Notar im Namen der Person, die den Antrag stellt, ausgestellt wurde.<\/p>\n<p>Obwohl die Bearbeitung von Antr\u00e4gen von Dateninhabern in der Regel kostenlos ist, k\u00f6nnen sie zu dem vom Rat f\u00fcr den Schutz personenbezogener Daten festgelegten Satz in Rechnung gestellt werden.<\/p>\n<p>Das Unternehmen kann von der betroffenen Person Informationen anfordern, um festzustellen, ob der Antragsteller der Inhaber der personenbezogenen Daten ist, um die im Antrag genannten Fragen zu kl\u00e4ren, es kann den Inhaber der personenbezogenen Daten zu seinem Antrag befragen.<\/p>\n<p>10.03.2018 und 30356 im Amtsblatt ver\u00f6ffentlichten \u201eMitteilung \u00fcber die Verfahren und Grunds\u00e4tze der Beantragung beim Datenverwalter\u201c in \u00dcbereinstimmung mit dem Antrag der Dateninhaber schriftlich beantwortet werden, werden bis zu zehn Seiten nicht berechnet.<\/p>\n<p>&nbsp;<\/p>\n<p>F\u00fcr jede Seite, die \u00fcber zehn Seiten hinausgeht, kann eine Bearbeitungsgeb\u00fchr von 1 t\u00fcrkischen Lira erhoben werden. Wird die Antwort auf den Antrag in Form eines Datentr\u00e4gers (z. B. CD, Flash-Speicher) erteilt, kann die Geb\u00fchr, die von der Institution verlangt werden kann, die Kosten f\u00fcr den Datentr\u00e4ger nicht \u00fcbersteigen.<\/p>\n<p>&nbsp;<\/p>\n<\/div>\n<\/div>\n","protected":false},"excerpt":{"rendered":"<p>RENATE CL\u0130N\u0130C ERL\u00c4UTERUNGSTEXT ZUR VERARBEITUNG VON PERSONENBEZOGENEN DATEN RENATE CL\u0130N\u0130C Um die pers\u00f6nlichen Daten ihrer Kunden, Gesch\u00e4ftspartner und anderer Dritter, mit denen sie in Beziehung steht, zu sch\u00fctzen sowie den Datenschutz und die Datensicherheit zu gew\u00e4hrleisten, wird Ihnen dieser Beleuchtungstext \u00fcber den Schutz der pers\u00f6nlichen Daten als Datenschutzbeauftragter zur Kenntnis gebracht, um Sie zu informieren. [&hellip;]<\/p>\n","protected":false},"author":1,"featured_media":0,"parent":0,"menu_order":0,"comment_status":"closed","ping_status":"closed","template":"","meta":{"_joinchat":[],"footnotes":""},"class_list":["post-13250","page","type-page","status-publish","hentry"],"_links":{"self":[{"href":"https:\/\/renateclinic.com\/de\/wp-json\/wp\/v2\/pages\/13250","targetHints":{"allow":["GET"]}}],"collection":[{"href":"https:\/\/renateclinic.com\/de\/wp-json\/wp\/v2\/pages"}],"about":[{"href":"https:\/\/renateclinic.com\/de\/wp-json\/wp\/v2\/types\/page"}],"author":[{"embeddable":true,"href":"https:\/\/renateclinic.com\/de\/wp-json\/wp\/v2\/users\/1"}],"replies":[{"embeddable":true,"href":"https:\/\/renateclinic.com\/de\/wp-json\/wp\/v2\/comments?post=13250"}],"version-history":[{"count":0,"href":"https:\/\/renateclinic.com\/de\/wp-json\/wp\/v2\/pages\/13250\/revisions"}],"wp:attachment":[{"href":"https:\/\/renateclinic.com\/de\/wp-json\/wp\/v2\/media?parent=13250"}],"curies":[{"name":"wp","href":"https:\/\/api.w.org\/{rel}","templated":true}]}}