{"id":15587,"date":"2023-07-19T15:40:46","date_gmt":"2023-07-19T15:40:46","guid":{"rendered":"https:\/\/renateclinic.com\/hizmet-sozlesmesi\/"},"modified":"2024-04-18T10:43:33","modified_gmt":"2024-04-18T10:43:33","slug":"dienstleistungsvertrag","status":"publish","type":"page","link":"https:\/\/renateclinic.com\/de\/dienstleistungsvertrag\/","title":{"rendered":"Dienstleistungsvertrag"},"content":{"rendered":"<p>Artikel 1. DEFINITIONEN UND PARTEIEN<\/p>\n<p>1.1 Vermittlungsdienstleister: Hauptsitz in \u201eSinanpa\u015fa mah. Sinapa\u015fa K\u00f6pr\u00fcs\u00fc Sk.\u00c7elik \u0130\u015f Merkezi No:10 \u0130\u00e7 Kap\u0131 No:76 Be\u015fikta\u015f\/\u0130stanbul\u201c, Renate Clinic. Im Folgenden \u201eRenate-Klinik\u201c genannt.<\/p>\n<p>1.2 Website: Die Website wird vom Dienstanbieter verwaltet und hat die folgende Adresse: https:\/\/www.renateclinic.com<\/p>\n<p>1.3 Benutzer: Echte, voll gesch\u00e4ftsf\u00e4hige Personen, die auf die auf der Website angebotenen Dienste zugreifen, indem sie die Nutzungsbedingungen akzeptieren und den Registrierungsprozess abschlie\u00dfen.<\/p>\n<p>1.4 Beruflich: \u00c4rzte, Zahn\u00e4rzte, Psychologen, Physiotherapeuten, Geburtshelfer, Ern\u00e4hrungsberater, Therapeuten sowie Nutzer anderer, oben nicht genannter Berufe.<\/p>\n<p>1.5 Einrichtung: Dies sind die Einrichtungen, in denen medizinische Dienstleistungen erbracht werden.<\/p>\n<p>1.6 Eigent\u00fcmer: Dies ist der Status, der dem Benutzer verliehen wird, der die Befugnis hat, die Informationen \u00fcber die Organisation zu verwalten.<\/p>\n<p>1.7 Profil: Hier werden Informationen und Meinungen \u00fcber eine Organisation oder einen Fachmann auf der Website gesammelt.<\/p>\n<p>1.8 Konto: Es handelt sich um den Benutzer der Website, der es den Benutzern oder Fachleuten erm\u00f6glicht, mithilfe eines Benutzernamens und eines Passworts identifiziert zu werden und ihnen so den Zugriff auf bestimmte Dienste zu erm\u00f6glichen.<\/p>\n<p>1.9 Service: Der in der elektronischen Umgebung bereitgestellte Service basiert auf Datenaustausch und Videoanrufen \u00fcber \u00f6ffentliche Informationsverarbeitungs- und Telekommunikationssysteme gem\u00e4\u00df den Anforderungen des Servicek\u00e4ufers (Benutzers). Bei diesen Transaktionen m\u00fcssen die Parteien gleichzeitig anwesend sein.<\/p>\n<p>1.10 Der Vermittlungsdienstleister stellt die Dienste gem\u00e4\u00df diesen Nutzungsbedingungen bereit.<\/p>\n<p>1.11 Die Nutzungsbedingungen sind f\u00fcr den Nutzer verbindlich, ohne dass es der Unterzeichnung zus\u00e4tzlicher Vereinbarungen bedarf.<\/p>\n<p>Artikel 2. DIAGNOSEDIENSTLEISTUNGEN<\/p>\n<p>2.1 Die vom Dienstleister bereitgestellten Dienstleistungen unterscheiden sich von der medizinischen Dienstleistung, die durch eine pers\u00f6nliche Untersuchung durch einen Fachmann erhalten wird. Die bei Renate Clinic.com t\u00e4tigen Fachkr\u00e4fte haben nicht die M\u00f6glichkeit, Ihren k\u00f6rperlichen Zustand durch eine pers\u00f6nliche Untersuchung zu beurteilen.<\/p>\n<p>2.2 Sie treffen ihre Bewertungen auf der Grundlage der von Ihnen erhaltenen Informationen. Aus diesem Grund sind sie m\u00f6glicherweise nicht in der Lage, einige kritische Punkte zu beurteilen, die sie bei der k\u00f6rperlichen Untersuchung erkennen k\u00f6nnen und die ihre Diagnose und ihre Gedanken beeinflussen k\u00f6nnen. Obwohl die f\u00fcr den Dienstanbieter t\u00e4tigen Fachkr\u00e4fte in st\u00e4ndigem Kontakt mit Ihnen stehen, um die Informationen einzuholen, die sie ben\u00f6tigen, um diese Risiken zu minimieren und die Situation vollst\u00e4ndig zu verstehen, besteht das erw\u00e4hnte Risiko immer.<\/p>\n<p>2.3 Die Online-Dienste des Dienstleisters sind kein Ersatz f\u00fcr ein pers\u00f6nliches Gespr\u00e4ch mit Ihrem Arzt vor Ort.<\/p>\n<p>2.4 Der Dienstleister betont und empfiehlt die Bedeutung einer k\u00f6rperlichen Untersuchung. Wenn Sie sich entscheiden, die Dienste des Dienstanbieters zu nutzen, akzeptieren Sie den Umfang, die Grenzen und die Risiken des Dienstes.<\/p>\n<p>2.5 Wenn Sie durch die Nutzung der Dienste des Dienstleisters ein medizinisches Gutachten per Fernkonsultation einholen, akzeptieren Sie bewusst die folgenden Bedingungen.<\/p>\n<p>2.6 Die einzuholende medizinische Diagnose ist begrenzt und nach Ma\u00dfgabe der uns \u00fcbermittelten Informationen und Daten g\u00fcltig.<\/p>\n<p>2.7 Ein in einer Fernkonsultation eingeholtes medizinisches Gutachten ist keine Alternative zu einer pers\u00f6nlichen Untersuchung durch einen Arzt.<\/p>\n<p>2.8 \u00c4rzte, die Mitglieder des Datenmanagers sind, verf\u00fcgen nicht \u00fcber wichtige Informationen, die durch k\u00f6rperliche Untersuchung gewonnen werden k\u00f6nnen.<\/p>\n<p>2.9 Das Vers\u00e4umnis, eine k\u00f6rperliche Untersuchung durchzuf\u00fchren, kann sich negativ auf die F\u00e4higkeit des Fachmanns auswirken, Ihren Gesundheitszustand zu diagnostizieren.<\/p>\n<p>2.10 W\u00e4hrend Sie die Dienste des Dienstanbieters nutzen, best\u00e4tigen Sie, dass Sie sich der oben genannten Risiken bewusst sind und dass Sie die Risiken akzeptieren, und dass der Dienstanbieter weder m\u00fcndlich noch schriftlich Garantien f\u00fcr Ergebnisse oder Behandlungen im Zusammenhang mit Ihrem Gesundheitszustand \u00fcbernimmt.<\/p>\n<p>2.11 Sie sind f\u00fcr die Aktualit\u00e4t aller Informationen in Ihrem Dienstanbieter-Mitgliedskonto und in den von Ihnen ausgef\u00fcllten und auf Anfrage der Fachleute an uns \u00fcbermittelten Informationen verantwortlich. Auf der Grundlage der Aktualit\u00e4t dieser Informationen nehmen Fachleute alle m\u00f6glichen Bewertungen vor.<\/p>\n<p>Artikel 3. PROFILE VON FACHKR\u00c4FTEN<\/p>\n<p>3.1 Um das Profil des Profis zu erstellen, m\u00fcssen zumindest grundlegende Informationen \u00fcber diesen Profi eingegeben werden.<\/p>\n<p>3.2 Grundlegende Informationen zum Berufsnamen, Nachnamen, Berufsbezeichnung.<\/p>\n<p>3.3 Jeder Profi hat nur ein Profil. Mehreren Berufst\u00e4tigen ist es nicht gestattet, ein \u00f6ffentliches Profil zu er\u00f6ffnen. Doppelte Profile werden gel\u00f6scht.<\/p>\n<p>3.4 Der Fachmann kann sein eigenes Profil erstellen oder best\u00e4tigen. Hierf\u00fcr ist eine Registrierung erforderlich.<\/p>\n<p>3.5 Das vom Fachmann erstellte oder best\u00e4tigte Profil wird als \u201eBest\u00e4tigtes Profil\u201c gekennzeichnet.<\/p>\n<p>3.6 Berufst\u00e4tige mit best\u00e4tigtem Profil k\u00f6nnen:<\/p>\n<p>3.6.1 Sie k\u00f6nnen die Informationen dar\u00fcber bearbeiten,<\/p>\n<p>3.6.2 Sie k\u00f6nnen ein offizielles Foto von sich selbst hinzuf\u00fcgen, keine Fotos von anderen oder aus Ihrem Privatleben hinzuf\u00fcgen.<\/p>\n<p>3.6.3 Dienstleister<\/p>\n","protected":false},"excerpt":{"rendered":"<p>Artikel 1. DEFINITIONEN UND PARTEIEN 1.1 Vermittlungsdienstleister: Hauptsitz in \u201eSinanpa\u015fa mah. Sinapa\u015fa K\u00f6pr\u00fcs\u00fc Sk.\u00c7elik \u0130\u015f Merkezi No:10 \u0130\u00e7 Kap\u0131 No:76 Be\u015fikta\u015f\/\u0130stanbul\u201c, Renate Clinic. Im Folgenden \u201eRenate-Klinik\u201c genannt. 1.2 Website: Die Website wird vom Dienstanbieter verwaltet und hat die folgende Adresse: https:\/\/www.renateclinic.com 1.3 Benutzer: Echte, voll gesch\u00e4ftsf\u00e4hige Personen, die auf die auf der Website angebotenen Dienste [&hellip;]<\/p>\n","protected":false},"author":1,"featured_media":0,"parent":0,"menu_order":0,"comment_status":"closed","ping_status":"closed","template":"","meta":{"_joinchat":[],"footnotes":""},"class_list":["post-15587","page","type-page","status-publish","hentry"],"_links":{"self":[{"href":"https:\/\/renateclinic.com\/de\/wp-json\/wp\/v2\/pages\/15587","targetHints":{"allow":["GET"]}}],"collection":[{"href":"https:\/\/renateclinic.com\/de\/wp-json\/wp\/v2\/pages"}],"about":[{"href":"https:\/\/renateclinic.com\/de\/wp-json\/wp\/v2\/types\/page"}],"author":[{"embeddable":true,"href":"https:\/\/renateclinic.com\/de\/wp-json\/wp\/v2\/users\/1"}],"replies":[{"embeddable":true,"href":"https:\/\/renateclinic.com\/de\/wp-json\/wp\/v2\/comments?post=15587"}],"version-history":[{"count":0,"href":"https:\/\/renateclinic.com\/de\/wp-json\/wp\/v2\/pages\/15587\/revisions"}],"wp:attachment":[{"href":"https:\/\/renateclinic.com\/de\/wp-json\/wp\/v2\/media?parent=15587"}],"curies":[{"name":"wp","href":"https:\/\/api.w.org\/{rel}","templated":true}]}}