{"id":15667,"date":"2024-04-18T08:38:30","date_gmt":"2024-04-18T08:38:30","guid":{"rendered":"https:\/\/renateclinic.com\/hakkimizda\/"},"modified":"2024-04-18T10:28:49","modified_gmt":"2024-04-18T10:28:49","slug":"uber-uns","status":"publish","type":"page","link":"https:\/\/renateclinic.com\/de\/uber-uns\/","title":{"rendered":"\u00fcber uns"},"content":{"rendered":"\t\t<div data-elementor-type=\"wp-page\" data-elementor-id=\"15667\" class=\"elementor elementor-15667 elementor-15664\">\n\t\t\t\t<div class=\"elementor-element elementor-element-8e055a0 e-flex e-con-boxed e-con e-parent\" data-id=\"8e055a0\" data-element_type=\"container\" data-settings=\"{&quot;background_background&quot;:&quot;classic&quot;}\">\n\t\t\t\t\t<div class=\"e-con-inner\">\n\t\t<div class=\"elementor-element elementor-element-8f21be9 e-con-full e-flex e-con e-child\" data-id=\"8f21be9\" data-element_type=\"container\">\n\t\t\t\t<div class=\"elementor-element elementor-element-aa73135 elementor-widget elementor-widget-hub_fancy_heading\" data-id=\"aa73135\" data-element_type=\"widget\" data-widget_type=\"hub_fancy_heading.default\">\n\t\t\t\t<div class=\"elementor-widget-container\">\n\t\t\t\t\t\n\t\t<div id=\"ld-fancy-heading-69d1c5bd98613\" class=\"ld-fancy-heading pos-rel\">\n\t\t\t<h3 class=\"ld-fh-element d-inline-block pos-rel  elementor-heading-title lqd-highlight-classic lqd-highlight-grow-left h3\"  > Renate Clinic<\/h3>\t\t<\/div>\n\n\t\t\t\t\t\t<\/div>\n\t\t\t\t<\/div>\n\t\t\t\t<div class=\"elementor-element elementor-element-33d3e9e elementor-widget elementor-widget-hub_fancy_heading\" data-id=\"33d3e9e\" data-element_type=\"widget\" data-widget_type=\"hub_fancy_heading.default\">\n\t\t\t\t<div class=\"elementor-widget-container\">\n\t\t\t\t\t\n\t\t<div id=\"ld-fancy-heading-69d1c5bd98d0c\" class=\"ld-fancy-heading pos-rel\">\n\t\t\t<p class=\"ld-fh-element d-inline-block pos-rel  lqd-highlight-classic lqd-highlight-grow-left p\"  > Die Renate Clinic begr\u00fc\u00dft ihre Kunden in Ni\u015fanta\u015f\u0131, einem der beliebtesten Bezirke Istanbuls; Es bietet den besten Service, um ihnen dabei zu helfen, das Aussehen ihrer Tr\u00e4ume zu erreichen. Die Renate Clinic hat die Zufriedenheit ihrer Kunden mit ihrer erstklassigen technischen Ausstattung und ihrem fachkundigen Personal als festen Wert etabliert. Behandlung der K\u00f6rpergr\u00f6\u00dfe mit und ohne Operation im Rahmen strenger ethischer Werte; Es bedient seine Kunden bei Anwendungen der \u00e4sthetischen und plastischen Chirurgie, Haartransplantation und Zahnbehandlungen. Die Renate Clinic verinnerlicht und reflektiert Kunst in allen Bereichen, die sie ber\u00fchrt. Mit der Renate Clinic werden Sie die Kunst vom Anfang bis zum Ende Ihrer Reise sp\u00fcren; Sie werden den Tanz des \u00fcberlegenen Geistes in Perfektion erleben.<\/p>\t\t<\/div>\n\n\t\t\t\t\t\t<\/div>\n\t\t\t\t<\/div>\n\t\t\t\t<div class=\"elementor-element elementor-element-5bd99f3 elementor-widget elementor-widget-spacer\" data-id=\"5bd99f3\" data-element_type=\"widget\" data-widget_type=\"spacer.default\">\n\t\t\t\t<div class=\"elementor-widget-container\">\n\t\t\t\t\t\t\t<div class=\"elementor-spacer\">\n\t\t\t<div class=\"elementor-spacer-inner\"><\/div>\n\t\t<\/div>\n\t\t\t\t\t\t<\/div>\n\t\t\t\t<\/div>\n\t\t\t\t<div class=\"elementor-element elementor-element-6cc6420 elementor-widget elementor-widget-image\" data-id=\"6cc6420\" data-element_type=\"widget\" data-widget_type=\"image.default\">\n\t\t\t\t<div class=\"elementor-widget-container\">\n\t\t\t\t\t\t\t\t\t\t\t\t\t\t\t<img decoding=\"async\" width=\"150\" height=\"70\" src=\"https:\/\/renateclinic.com\/wp-content\/uploads\/2023\/02\/RENATE-noktalar-.png\" class=\"attachment-large size-large wp-image-10399\" alt=\"\" \/>\t\t\t\t\t\t\t\t\t\t\t\t\t\t\t<\/div>\n\t\t\t\t<\/div>\n\t\t\t\t<\/div>\n\t\t<div class=\"elementor-element elementor-element-0a430e7 e-con-full e-flex e-con e-child\" data-id=\"0a430e7\" data-element_type=\"container\">\n\t\t\t\t<div class=\"elementor-element elementor-element-74361a2 elementor-widget elementor-widget-image\" data-id=\"74361a2\" data-element_type=\"widget\" data-widget_type=\"image.default\">\n\t\t\t\t<div class=\"elementor-widget-container\">\n\t\t\t\t\t\t\t\t\t\t\t\t\t\t\t<img fetchpriority=\"high\" decoding=\"async\" width=\"780\" height=\"820\" src=\"https:\/\/renateclinic.com\/wp-content\/uploads\/2023\/03\/islemler-line-DE-974x1024.png\" class=\"attachment-large size-large wp-image-13740\" alt=\"\" srcset=\"https:\/\/renateclinic.com\/wp-content\/uploads\/2023\/03\/islemler-line-DE-974x1024.png 974w, https:\/\/renateclinic.com\/wp-content\/uploads\/2023\/03\/islemler-line-DE-285x300.png 285w, https:\/\/renateclinic.com\/wp-content\/uploads\/2023\/03\/islemler-line-DE.png 1000w\" sizes=\"(max-width: 780px) 100vw, 780px\" \/>\t\t\t\t\t\t\t\t\t\t\t\t\t\t\t<\/div>\n\t\t\t\t<\/div>\n\t\t\t\t<\/div>\n\t\t\t\t\t<\/div>\n\t\t\t\t<\/div>\n\t\t\t\t<\/div>\n\t\t","protected":false},"excerpt":{"rendered":"<p>Renate Clinic Die Renate Clinic begr\u00fc\u00dft ihre Kunden in Ni\u015fanta\u015f\u0131, einem der beliebtesten Bezirke Istanbuls; Es bietet den besten Service, um ihnen dabei zu helfen, das Aussehen ihrer Tr\u00e4ume zu erreichen. Die Renate Clinic hat die Zufriedenheit ihrer Kunden mit ihrer erstklassigen technischen Ausstattung und ihrem fachkundigen Personal als festen Wert etabliert. Behandlung der K\u00f6rpergr\u00f6\u00dfe [&hellip;]<\/p>\n","protected":false},"author":1,"featured_media":0,"parent":0,"menu_order":0,"comment_status":"closed","ping_status":"closed","template":"","meta":{"_joinchat":[],"footnotes":""},"class_list":["post-15667","page","type-page","status-publish","hentry"],"_links":{"self":[{"href":"https:\/\/renateclinic.com\/de\/wp-json\/wp\/v2\/pages\/15667","targetHints":{"allow":["GET"]}}],"collection":[{"href":"https:\/\/renateclinic.com\/de\/wp-json\/wp\/v2\/pages"}],"about":[{"href":"https:\/\/renateclinic.com\/de\/wp-json\/wp\/v2\/types\/page"}],"author":[{"embeddable":true,"href":"https:\/\/renateclinic.com\/de\/wp-json\/wp\/v2\/users\/1"}],"replies":[{"embeddable":true,"href":"https:\/\/renateclinic.com\/de\/wp-json\/wp\/v2\/comments?post=15667"}],"version-history":[{"count":0,"href":"https:\/\/renateclinic.com\/de\/wp-json\/wp\/v2\/pages\/15667\/revisions"}],"wp:attachment":[{"href":"https:\/\/renateclinic.com\/de\/wp-json\/wp\/v2\/media?parent=15667"}],"curies":[{"name":"wp","href":"https:\/\/api.w.org\/{rel}","templated":true}]}}