{"id":13249,"date":"2023-03-04T12:36:20","date_gmt":"2023-03-04T12:36:20","guid":{"rendered":"https:\/\/renateclinic.com\/kisisel-verilerin-korunmasi-kanunu-aydinlatma-metni\/"},"modified":"2023-03-21T14:57:28","modified_gmt":"2023-03-21T14:57:28","slug":"gdpr-information-document","status":"publish","type":"page","link":"https:\/\/renateclinic.com\/en\/gdpr-information-document\/","title":{"rendered":"GDPR Information Document\u200b"},"content":{"rendered":"<div class=\"elementor-element elementor-element-109728d5 elementor-widget elementor-widget-heading\" data-id=\"109728d5\" data-element_type=\"widget\" data-widget_type=\"heading.default\">\n<div class=\"elementor-widget-container\">\n<div class=\"elementor-element elementor-element-109728d5 elementor-widget elementor-widget-heading\" data-id=\"109728d5\" data-element_type=\"widget\" data-widget_type=\"heading.default\">\n<div class=\"elementor-widget-container\">\n<h2 class=\"elementor-heading-title elementor-size-default\">GDPR Information Document\u200b<\/h2>\n<\/div>\n<\/div>\n<div class=\"elementor-element elementor-element-6912696a elementor-widget elementor-widget-text-editor\" data-id=\"6912696a\" data-element_type=\"widget\" data-widget_type=\"text-editor.default\">\n<div class=\"elementor-widget-container\">\n<div class=\"elementor-text-editor elementor-clearfix\">\n<p>We respect your privacy and value your personal data.<\/p>\n<p>Personal Data Protection Law aims to protect the individual\u2019s fundamental rights and freedoms especially individuals privacy<br \/>\nWe want to inform you about the Constitution of Republic of Turkey and the 6698th law that is \u201c<b>Personal Data Protection Law<\/b>\u201d, with respect to the legislation, regarding the process of your personal information through our communication channels with \u201cClarification Document\u201d.<\/p>\n<p>We aim to inform you about your rights according to the Constitution along with the intent and procedure of your personal data processes, the procedure of collecting personal data and the legal basis of the data processing.<\/p>\n<\/div>\n<\/div>\n<\/div>\n<div class=\"elementor-element elementor-element-08527e6 elementor-widget elementor-widget-heading\" data-id=\"08527e6\" data-element_type=\"widget\" data-widget_type=\"heading.default\">\n<div class=\"elementor-widget-container\">\n<h3 class=\"elementor-heading-title elementor-size-default\">Data Controller<\/h3>\n<\/div>\n<\/div>\n<div class=\"elementor-element elementor-element-1e5381a elementor-widget elementor-widget-text-editor\" data-id=\"1e5381a\" data-element_type=\"widget\" data-widget_type=\"text-editor.default\">\n<div class=\"elementor-widget-container\">\n<div class=\"elementor-text-editor elementor-clearfix\">\n<p>We are mentioned as the \u201cData Controller\u201d in the Constitution as owners of the Renate Clinic brand. As Data Controllers, the personal data that comes from the following channels are processed according to the definition of data process that is stated in the constitution.<\/p>\n<ul>\n<li>com web page (\u201cWeb Page\u201d)<\/li>\n<li>E-mails that end with\u00a0info@renateclinic.com\u00a0and @renateclinic.com (\u201cE-mail\u201d)<\/li>\n<li>Social Media Channels (\u201cSocial Media\u201d)\n<ul>\n<li>www.linkedin.com\/company\/renateclinic<\/li>\n<li>.www.instargram.com\/renateclinic<\/li>\n<li>.www.facebook.com\/renateclinic<\/li>\n<\/ul>\n<\/li>\n<\/ul>\n<p>Besides Along with using personal data collection methods we also use cookies, web pointers and related technologies in our web pages for you to have a better user experience and benefit the web site most effective. This way we can analyse which pages our visitors viewed, which products and services they took interest and how did they find our web site, so we can improve your experience constantly with these analyses. You can find more information about our policies on the technologies we use from the \u201cCookie Policy\u201d page.<\/p>\n<\/div>\n<\/div>\n<\/div>\n<div class=\"elementor-element elementor-element-4eb9af3 elementor-widget elementor-widget-heading\" data-id=\"4eb9af3\" data-element_type=\"widget\" data-widget_type=\"heading.default\">\n<div class=\"elementor-widget-container\">\n<h3 class=\"elementor-heading-title elementor-size-default\">Clarification Document Extent<\/h3>\n<\/div>\n<\/div>\n<div class=\"elementor-element elementor-element-9e3a28f elementor-widget elementor-widget-text-editor\" data-id=\"9e3a28f\" data-element_type=\"widget\" data-widget_type=\"text-editor.default\">\n<div class=\"elementor-widget-container\">\n<div class=\"elementor-text-editor elementor-clearfix\">\n<p>The Clarification Document only includes our own channels under the \u201cPersonal Data Collection Methods\u201d section and other like web sites, social media etc. are not included.<\/p>\n<p>In cases of providing you a link to any web site, social media or other channels that is other than our own platform, the linked channels have their own privacy and user\u2019s agreement policies.<\/p>\n<p>Advertisements, banners and other sources that can redirect you to other web sites that is not part of our platform or automatically displayed websites may differ in data collection, preservation, processing and privacy policies.<\/p>\n<p>We are not responsible for the financial or moral loss that may be caused by these websites.<\/p>\n<\/div>\n<\/div>\n<\/div>\n<div class=\"elementor-element elementor-element-c1350ad elementor-widget elementor-widget-heading\" data-id=\"c1350ad\" data-element_type=\"widget\" data-widget_type=\"heading.default\">\n<div class=\"elementor-widget-container\">\n<h3 class=\"elementor-heading-title elementor-size-default\">Date Processing<\/h3>\n<\/div>\n<\/div>\n<div class=\"elementor-element elementor-element-3784506 elementor-widget elementor-widget-text-editor\" data-id=\"3784506\" data-element_type=\"widget\" data-widget_type=\"text-editor.default\">\n<div class=\"elementor-widget-container\">\n<div class=\"elementor-text-editor elementor-clearfix\">\n<p>\u201cData Processing\u201d As it is defined in constitution, includes all kinds of processes like acquiring completely or partially through automatic or non-automatic ways provided that it\u2019s a part of a data recording system, storing, recording, updating, classifying and sharing with third parties with respect to the related legislation.<\/p>\n<\/div>\n<\/div>\n<\/div>\n<div class=\"elementor-element elementor-element-d222de7 elementor-widget elementor-widget-heading\" data-id=\"d222de7\" data-element_type=\"widget\" data-widget_type=\"heading.default\">\n<div class=\"elementor-widget-container\">\n<h3 class=\"elementor-heading-title elementor-size-default\">Processable Personal Data<\/h3>\n<\/div>\n<\/div>\n<div class=\"elementor-element elementor-element-681cd17 elementor-widget elementor-widget-text-editor\" data-id=\"681cd17\" data-element_type=\"widget\" data-widget_type=\"text-editor.default\">\n<div class=\"elementor-widget-container\">\n<div class=\"elementor-text-editor elementor-clearfix\">\n<p>You can visit our website or social media channels without sharing any personal data. But in some cases we may want you to share some personal details, Here are some of the personal data we might want from you:<\/p>\n<ul>\n<li>Name<\/li>\n<li>Last Name<\/li>\n<li>E-mail<\/li>\n<li>Phone Number<\/li>\n<li>Mailing Address<\/li>\n<li>The brand name or title of the firm that you own or represent<\/li>\n<li>IP address<\/li>\n<li>The channel information that helped you reach the website<\/li>\n<li>The cookie and access records that was created when you visited the website<\/li>\n<li>The message that you provided about your request and the data it contains<\/li>\n<\/ul>\n<\/div>\n<\/div>\n<\/div>\n<div class=\"elementor-element elementor-element-7bb8c25 elementor-widget elementor-widget-heading\" data-id=\"7bb8c25\" data-element_type=\"widget\" data-widget_type=\"heading.default\">\n<div class=\"elementor-widget-container\">\n<h3 class=\"elementor-heading-title elementor-size-default\">The Purpose of Processing Your Personal Data and The Legal Reasons<\/h3>\n<\/div>\n<\/div>\n<div class=\"elementor-element elementor-element-0e0ce61 elementor-widget elementor-widget-text-editor\" data-id=\"0e0ce61\" data-element_type=\"widget\" data-widget_type=\"text-editor.default\">\n<div class=\"elementor-widget-container\">\n<div class=\"elementor-text-editor elementor-clearfix\">\n<p>Your personal data can be obtained, recorded, stored, processed, classified, updated, shared with the third parties either from Turkey or abroad according to the procedures and principals from the legislation and the Clarification Document ;<\/p>\n<ul>\n<li>To form and release our service contracts,<\/li>\n<li>To fulfil our obligations regarding the services we provide,<\/li>\n<li>To answer your questions and requests,<\/li>\n<li>To conduct the introductions, reminders and informations regarding the services we provide<\/li>\n<li>To inform you about the new products and services, offers and opportunities.<\/li>\n<li>To share the announcements and informations, that are directly or indirectly related to our services, through e-mail, e-bulletin, SMS or phone.<\/li>\n<li>To carry out the promotions and advertisements of the third party firms that we collaborate<\/li>\n<li>To conduct our commercial activities and protect our legitimate interests.<\/li>\n<li>To meet the information requests that might come from legal authorities.<\/li>\n<\/ul>\n<p>According to the paragraph 2 of article 5 \/ 2<sup>nd<\/sup>\u00a0paragraph of 5<sup>th<\/sup>\u00a0article of legislation we can process your personal data as the Data Controller based on the following legal reasons;<\/p>\n<ul>\n<li>Data process is mandatory\/obligatory to fulfil our legal liabilities,<\/li>\n<li>Data process is mandatory to establish, benefit or protect a right,<\/li>\n<li>Data process is required, provided that it is related directly to the establishment or performance of the contract<\/li>\n<li>Data process is mandatory to preserve your legal interests with the condition that there is no violation of fundamental rights and freedoms,<\/li>\n<li>Data process is directly stipulated in the legislation<\/li>\n<\/ul>\n<\/div>\n<\/div>\n<\/div>\n<div class=\"elementor-element elementor-element-3400547 elementor-widget elementor-widget-heading\" data-id=\"3400547\" data-element_type=\"widget\" data-widget_type=\"heading.default\">\n<div class=\"elementor-widget-container\">\n<h3 class=\"elementor-heading-title elementor-size-default\">Transfer of your Personal Data to the Third Parties<\/h3>\n<\/div>\n<\/div>\n<div class=\"elementor-element elementor-element-9b8e96b elementor-widget elementor-widget-text-editor\" data-id=\"9b8e96b\" data-element_type=\"widget\" data-widget_type=\"text-editor.default\">\n<div class=\"elementor-widget-container\">\n<div class=\"elementor-text-editor elementor-clearfix\">\n<p>As Data Controller we can share your personal data to the collaborating third party firms, individuals and in situations that require legal obligations the related public corporations, according to the legal procedures and principles;<\/p>\n<ul>\n<li>To acquire services from third party firms to conduct our Business activities,<\/li>\n<li>To effectuate the presentations, reminders, announcements and informations about our products, services, special offers and opportunities through e-mails, SMS messages or phone meetings.<\/li>\n<li>To fulfil the information requests from ,but not limited to, public corporations because of\u00a0 legal requirements,<\/li>\n<\/ul>\n<\/div>\n<\/div>\n<\/div>\n<div class=\"elementor-element elementor-element-3aff9a1 elementor-widget elementor-widget-heading\" data-id=\"3aff9a1\" data-element_type=\"widget\" data-widget_type=\"heading.default\">\n<div class=\"elementor-widget-container\">\n<h3 class=\"elementor-heading-title elementor-size-default\">Your Rights as Data Owners<\/h3>\n<\/div>\n<\/div>\n<div class=\"elementor-element elementor-element-5e51e80 elementor-widget elementor-widget-text-editor\" data-id=\"5e51e80\" data-element_type=\"widget\" data-widget_type=\"text-editor.default\">\n<div class=\"elementor-widget-container\">\n<div class=\"elementor-text-editor elementor-clearfix\">\n<p>According to the article 11 of the legislation covering the processing of your data by us Data Controllers, you have the rights;<\/p>\n<ul>\n<li>To know if your personal data is processed or not<\/li>\n<li>To request information regarding your personal data if your personal data is processed<\/li>\n<li>To learn about the purpose of the process of your personal data and if your personal data is used appropriately,<\/li>\n<li>To learn the third parties identities from Turkey or from abroad that your personal data is shared with,<\/li>\n<li>To request correction of your personal data in case of the personal data is either incomplete or inaccurate,<\/li>\n<li>To request the deletion or removal your personal data if the need for processing your personal data is disappeared,<\/li>\n<li>To request notifying the deletion or removal your personal data to the third parties,<\/li>\n<li>To object the possible consequences against you as a result of automatic system analyses of your personal data,<\/li>\n<li>To request reparation of damages as a result of illegal processing of your personal data.<\/li>\n<\/ul>\n<p>For detailed information, you can visit Personal Data Protection Agency\u2019s website\u00a0<b>www.kvkk.gov.tr<\/b><\/p>\n<\/div>\n<\/div>\n<\/div>\n<div class=\"elementor-element elementor-element-ee044be elementor-widget elementor-widget-heading\" data-id=\"ee044be\" data-element_type=\"widget\" data-widget_type=\"heading.default\">\n<div class=\"elementor-widget-container\">\n<h3 class=\"elementor-heading-title elementor-size-default\">You can Submit Your Requests to us<\/h3>\n<\/div>\n<\/div>\n<div class=\"elementor-element elementor-element-4296ab3 elementor-widget elementor-widget-text-editor\" data-id=\"4296ab3\" data-element_type=\"widget\" data-widget_type=\"text-editor.default\">\n<div class=\"elementor-widget-container\">\n<div class=\"elementor-text-editor elementor-clearfix\">\n<p>As Data owner you can submit your requests regarding your rights including the process of your personal data, legislation and Clarification Document to our channels bellow. A written request is required regarding the rights within the scope of law through our contact channels. As Data Controllers, we will contact you free of charge(The right of charging is reserved in case the process requires extra cost) in 30 days at the latest regarding the requests you have submitted, with respect to the article 13 of legislation.<\/p>\n<p><b>Website<\/b>: www.renateclinic.com<br \/>\n<b>E-Mail<\/b>:\u00a0info@renateclinic.com<br \/>\n<b>Address<\/b>: Harbiye Mah. Abdi \u0130pek\u00e7i Cad. K\u0131z\u0131lkaya Apt. No:59 D:1 34367 \u015ei\u015fli\/\u0130stanbul<\/p>\n<\/div>\n<\/div>\n<\/div>\n<\/div>\n<\/div>\n","protected":false},"excerpt":{"rendered":"<p>GDPR Information Document\u200b We respect your privacy and value your personal data. Personal Data Protection Law aims to protect the individual\u2019s fundamental rights and freedoms especially individuals privacy We want to inform you about the Constitution of Republic of Turkey and the 6698th law that is \u201cPersonal Data Protection Law\u201d, with respect to the legislation, [&hellip;]<\/p>\n","protected":false},"author":1,"featured_media":0,"parent":0,"menu_order":0,"comment_status":"closed","ping_status":"closed","template":"","meta":{"_joinchat":[],"footnotes":""},"class_list":["post-13249","page","type-page","status-publish","hentry"],"_links":{"self":[{"href":"https:\/\/renateclinic.com\/en\/wp-json\/wp\/v2\/pages\/13249","targetHints":{"allow":["GET"]}}],"collection":[{"href":"https:\/\/renateclinic.com\/en\/wp-json\/wp\/v2\/pages"}],"about":[{"href":"https:\/\/renateclinic.com\/en\/wp-json\/wp\/v2\/types\/page"}],"author":[{"embeddable":true,"href":"https:\/\/renateclinic.com\/en\/wp-json\/wp\/v2\/users\/1"}],"replies":[{"embeddable":true,"href":"https:\/\/renateclinic.com\/en\/wp-json\/wp\/v2\/comments?post=13249"}],"version-history":[{"count":0,"href":"https:\/\/renateclinic.com\/en\/wp-json\/wp\/v2\/pages\/13249\/revisions"}],"wp:attachment":[{"href":"https:\/\/renateclinic.com\/en\/wp-json\/wp\/v2\/media?parent=13249"}],"curies":[{"name":"wp","href":"https:\/\/api.w.org\/{rel}","templated":true}]}}