{"id":15666,"date":"2024-04-18T08:38:30","date_gmt":"2024-04-18T08:38:30","guid":{"rendered":"https:\/\/renateclinic.com\/hakkimizda\/"},"modified":"2024-04-18T10:27:17","modified_gmt":"2024-04-18T10:27:17","slug":"about","status":"publish","type":"page","link":"https:\/\/renateclinic.com\/en\/about\/","title":{"rendered":"About"},"content":{"rendered":"\t\t<div data-elementor-type=\"wp-page\" data-elementor-id=\"15666\" class=\"elementor elementor-15666 elementor-15664\">\n\t\t\t\t<div class=\"elementor-element elementor-element-a86703b e-flex e-con-boxed e-con e-parent\" data-id=\"a86703b\" data-element_type=\"container\" data-settings=\"{&quot;background_background&quot;:&quot;classic&quot;}\">\n\t\t\t\t\t<div class=\"e-con-inner\">\n\t\t<div class=\"elementor-element elementor-element-aadedff e-con-full e-flex e-con e-child\" data-id=\"aadedff\" data-element_type=\"container\">\n\t\t\t\t<div class=\"elementor-element elementor-element-ba90277 elementor-widget elementor-widget-hub_fancy_heading\" data-id=\"ba90277\" data-element_type=\"widget\" data-widget_type=\"hub_fancy_heading.default\">\n\t\t\t\t<div class=\"elementor-widget-container\">\n\t\t\t\t\t\n\t\t<div id=\"ld-fancy-heading-69d21e0d1cf03\" class=\"ld-fancy-heading pos-rel\">\n\t\t\t<h3 class=\"ld-fh-element d-inline-block pos-rel  elementor-heading-title lqd-highlight-classic lqd-highlight-grow-left h3\"  > Renate Clinic<\/h3>\t\t<\/div>\n\n\t\t\t\t\t\t<\/div>\n\t\t\t\t<\/div>\n\t\t\t\t<div class=\"elementor-element elementor-element-3c01145 elementor-widget elementor-widget-hub_fancy_heading\" data-id=\"3c01145\" data-element_type=\"widget\" data-widget_type=\"hub_fancy_heading.default\">\n\t\t\t\t<div class=\"elementor-widget-container\">\n\t\t\t\t\t\n\t\t<div id=\"ld-fancy-heading-69d21e0d1d529\" class=\"ld-fancy-heading pos-rel\">\n\t\t\t<p class=\"ld-fh-element d-inline-block pos-rel  lqd-highlight-classic lqd-highlight-grow-left p\"  > Renate Clinic welcomes its clients in Ni\u015fanta\u015f\u0131, one of the most popular districts of Istanbul; It provides the best service to help them achieve the look of their dreams. <br>\nRenate Clinic has positioned client satisfaction as its established value with its superior technological equipment and expert staff; Height increase treatment, with and without surgery, within the framework of strong ethical values; It serves its clients with aesthetic and plastic surgery applications, hair transplantation and dental treatments. Renate Clinic internalizes and reflects art in every field it touches. <br>\nWith Renate Clinic, you will feel the art from the beginning to the end of your journey; You will witness the dance of the superior mind with perfection.<\/p>\t\t<\/div>\n\n\t\t\t\t\t\t<\/div>\n\t\t\t\t<\/div>\n\t\t\t\t<div class=\"elementor-element elementor-element-532957a elementor-widget elementor-widget-spacer\" data-id=\"532957a\" data-element_type=\"widget\" data-widget_type=\"spacer.default\">\n\t\t\t\t<div class=\"elementor-widget-container\">\n\t\t\t\t\t\t\t<div class=\"elementor-spacer\">\n\t\t\t<div class=\"elementor-spacer-inner\"><\/div>\n\t\t<\/div>\n\t\t\t\t\t\t<\/div>\n\t\t\t\t<\/div>\n\t\t\t\t<div class=\"elementor-element elementor-element-c18cc15 elementor-widget elementor-widget-image\" data-id=\"c18cc15\" data-element_type=\"widget\" data-widget_type=\"image.default\">\n\t\t\t\t<div class=\"elementor-widget-container\">\n\t\t\t\t\t\t\t\t\t\t\t\t\t\t\t<img decoding=\"async\" width=\"150\" height=\"70\" src=\"https:\/\/renateclinic.com\/wp-content\/uploads\/2024\/04\/RENATE-noktalar-.png\" class=\"attachment-large size-large wp-image-15706\" alt=\"\" \/>\t\t\t\t\t\t\t\t\t\t\t\t\t\t\t<\/div>\n\t\t\t\t<\/div>\n\t\t\t\t<\/div>\n\t\t<div class=\"elementor-element elementor-element-aeb9307 e-con-full e-flex e-con e-child\" data-id=\"aeb9307\" data-element_type=\"container\">\n\t\t\t\t<div class=\"elementor-element elementor-element-c4739f5 elementor-widget elementor-widget-image\" data-id=\"c4739f5\" data-element_type=\"widget\" data-widget_type=\"image.default\">\n\t\t\t\t<div class=\"elementor-widget-container\">\n\t\t\t\t\t\t\t\t\t\t\t\t\t\t\t<img fetchpriority=\"high\" decoding=\"async\" width=\"780\" height=\"820\" src=\"https:\/\/renateclinic.com\/wp-content\/uploads\/2023\/03\/islemler-line-EN-974x1024.png\" class=\"attachment-large size-large wp-image-13725\" alt=\"\" srcset=\"https:\/\/renateclinic.com\/wp-content\/uploads\/2023\/03\/islemler-line-EN-974x1024.png 974w, https:\/\/renateclinic.com\/wp-content\/uploads\/2023\/03\/islemler-line-EN-285x300.png 285w, https:\/\/renateclinic.com\/wp-content\/uploads\/2023\/03\/islemler-line-EN.png 1000w\" sizes=\"(max-width: 780px) 100vw, 780px\" \/>\t\t\t\t\t\t\t\t\t\t\t\t\t\t\t<\/div>\n\t\t\t\t<\/div>\n\t\t\t\t<\/div>\n\t\t\t\t\t<\/div>\n\t\t\t\t<\/div>\n\t\t\t\t<\/div>\n\t\t","protected":false},"excerpt":{"rendered":"<p>Renate Clinic Renate Clinic welcomes its clients in Ni\u015fanta\u015f\u0131, one of the most popular districts of Istanbul; It provides the best service to help them achieve the look of their dreams. Renate Clinic has positioned client satisfaction as its established value with its superior technological equipment and expert staff; Height increase treatment, with and without [&hellip;]<\/p>\n","protected":false},"author":1,"featured_media":0,"parent":0,"menu_order":0,"comment_status":"closed","ping_status":"closed","template":"","meta":{"_joinchat":[],"footnotes":""},"class_list":["post-15666","page","type-page","status-publish","hentry"],"_links":{"self":[{"href":"https:\/\/renateclinic.com\/en\/wp-json\/wp\/v2\/pages\/15666","targetHints":{"allow":["GET"]}}],"collection":[{"href":"https:\/\/renateclinic.com\/en\/wp-json\/wp\/v2\/pages"}],"about":[{"href":"https:\/\/renateclinic.com\/en\/wp-json\/wp\/v2\/types\/page"}],"author":[{"embeddable":true,"href":"https:\/\/renateclinic.com\/en\/wp-json\/wp\/v2\/users\/1"}],"replies":[{"embeddable":true,"href":"https:\/\/renateclinic.com\/en\/wp-json\/wp\/v2\/comments?post=15666"}],"version-history":[{"count":0,"href":"https:\/\/renateclinic.com\/en\/wp-json\/wp\/v2\/pages\/15666\/revisions"}],"wp:attachment":[{"href":"https:\/\/renateclinic.com\/en\/wp-json\/wp\/v2\/media?parent=15666"}],"curies":[{"name":"wp","href":"https:\/\/api.w.org\/{rel}","templated":true}]}}