{"id":13265,"date":"2023-02-27T17:03:15","date_gmt":"2023-02-27T17:03:15","guid":{"rendered":"https:\/\/renateclinic.com\/bize-ulasin\/"},"modified":"2024-04-18T17:51:57","modified_gmt":"2024-04-18T17:51:57","slug":"%d0%ba%d0%be%d0%bd%d1%82%d0%b0%d0%ba%d1%82","status":"publish","type":"page","link":"https:\/\/renateclinic.com\/ru\/%d0%ba%d0%be%d0%bd%d1%82%d0%b0%d0%ba%d1%82\/","title":{"rendered":"\u041a\u041e\u041d\u0422\u0410\u041a\u0422"},"content":{"rendered":"\t\t<div data-elementor-type=\"wp-page\" data-elementor-id=\"13265\" class=\"elementor elementor-13265 elementor-10553\">\n\t\t\t\t\t\t<section class=\"elementor-section elementor-top-section elementor-element elementor-element-646100f elementor-section-boxed elementor-section-height-default elementor-section-height-default\" data-id=\"646100f\" data-element_type=\"section\">\n\t\t\t\t\t\t<div class=\"elementor-container elementor-column-gap-default\">\n\t\t\t\t\t<div data-custom-animations=\"true\" data-ca-options=\"{&quot;addChildTimelines&quot;:false,&quot;trigger&quot;:&quot;firstChild&quot;,&quot;animationTarget&quot;:&quot;:scope &gt; .elementor-widget-wrap &gt; .elementor-element &gt; .elementor-widget-container, :scope &gt; .elementor-widget-wrap &gt; .elementor-section &gt; .elementor-container &gt; .elementor-column &gt; .elementor-widget-wrap &gt; .elementor-element:not(.lqd-el-has-inner-anim) &gt; .elementor-widget-container, :scope &gt; .elementor-widget-wrap &gt; .elementor-widget-hub_fancy_heading .lqd-split-lines .lqd-lines .split-inner, :scope &gt; .elementor-widget-wrap &gt; .elementor-widget-hub_fancy_heading .lqd-split-words .lqd-words .split-inner, :scope &gt; .elementor-widget-wrap &gt; .elementor-widget-hub_fancy_heading .lqd-split-chars .lqd-chars .split-inner, :scope &gt; .elementor-widget-wrap &gt; .elementor-widget-ld_custom_menu .lqd-fancy-menu &gt; ul &gt; li&quot;,&quot;duration&quot;:1800,&quot;delay&quot;:180,&quot;ease&quot;:[&quot;power4.out&quot;],&quot;initValues&quot;:{&quot;y&quot;:&quot;35px&quot;,&quot;opacity&quot;:0,&quot;transformOrigin&quot;:&quot;50% 50% 0px&quot;},&quot;animations&quot;:{&quot;y&quot;:&quot;0px&quot;,&quot;opacity&quot;:1,&quot;transformOrigin&quot;:&quot;50% 50% 0px&quot;}}\" class=\"elementor-column elementor-col-50 elementor-top-column elementor-element elementor-element-658cd1e\" data-id=\"658cd1e\" data-element_type=\"column\" data-settings=\"{&quot;background_background&quot;:&quot;classic&quot;}\">\n\t\t\t<div class=\"elementor-widget-wrap elementor-element-populated\">\n\t\t\t\t\t\t<div class=\"elementor-element elementor-element-5184358 elementor-widget elementor-widget-hub_fancy_heading\" data-id=\"5184358\" data-element_type=\"widget\" data-widget_type=\"hub_fancy_heading.default\">\n\t\t\t\t<div class=\"elementor-widget-container\">\n\t\t\t\t\t\n\t\t<div id=\"ld-fancy-heading-69d1e874c6ea7\" class=\"ld-fancy-heading pos-rel\">\n\t\t\t<h2 class=\"ld-fh-element d-inline-block pos-rel  elementor-heading-title lqd-highlight-classic lqd-highlight-grow-left h2\"  > \u043a\u043e\u043d\u0442\u0430\u043a\u0442<\/h2>\t\t<\/div>\n\n\t\t\t\t\t\t<\/div>\n\t\t\t\t<\/div>\n\t\t\t\t<div class=\"elementor-element elementor-element-71a06c8 elementor-widget elementor-widget-hub_fancy_heading\" data-id=\"71a06c8\" data-element_type=\"widget\" data-widget_type=\"hub_fancy_heading.default\">\n\t\t\t\t<div class=\"elementor-widget-container\">\n\t\t\t\t\t\n\t\t<div id=\"ld-fancy-heading-69d1e874c748a\" class=\"ld-fancy-heading pos-rel\">\n\t\t\t<h6 class=\"ld-fh-element d-inline-block pos-rel  elementor-heading-title lqd-highlight-classic lqd-highlight-grow-left h6\"  > \u0412\u044b \u043c\u043e\u0436\u0435\u0442\u0435 \u0441\u0432\u044f\u0437\u0430\u0442\u044c\u0441\u044f \u0441 \u043d\u0430\u043c\u0438 24 \u0447\u0430\u0441\u0430 \u0432 \u0441\u0443\u0442\u043a\u0438 7 \u0434\u043d\u0435\u0439 \u0432 \u043d\u0435\u0434\u0435\u043b\u044e \u0438 \u043e\u0442\u043f\u0440\u0430\u0432\u0438\u0442\u044c \u043d\u0430\u043c \u0441\u0432\u043e\u0438 \u0432\u043e\u043f\u0440\u043e\u0441\u044b \u0438 \u043f\u0440\u043e\u0431\u043b\u0435\u043c\u044b.<\/h6>\t\t<\/div>\n\n\t\t\t\t\t\t<\/div>\n\t\t\t\t<\/div>\n\t\t\t\t<div class=\"elementor-element elementor-element-19ffd47 elementor-widget elementor-widget-ld_cf722\" data-id=\"19ffd47\" data-element_type=\"widget\" data-widget_type=\"ld_cf722.default\">\n\t\t\t\t<div class=\"elementor-widget-container\">\n\t\t\t\t\t\n\t<div class=\"lqd-contact-form lqd-contact-form-inputs-filled   lqd-contact-form-button-block  lqd-contact-form-button-lg lqd-contact-form-button-round  lqd-contact-form-inputs-lg\">\n\t\t\n<div class=\"wpcf7 no-js\" id=\"wpcf7-f13155-o1\" lang=\"tr-TR\" dir=\"ltr\" data-wpcf7-id=\"13155\">\n<div class=\"screen-reader-response\"><p role=\"status\" aria-live=\"polite\" aria-atomic=\"true\"><\/p> <ul><\/ul><\/div>\n<form action=\"\/ru\/wp-json\/wp\/v2\/pages\/13265#wpcf7-f13155-o1\" method=\"post\" class=\"wpcf7-form init\" aria-label=\"\u0130leti\u015fim Formu\" novalidate=\"novalidate\" data-status=\"init\">\n<fieldset class=\"hidden-fields-container\"><input type=\"hidden\" name=\"_wpcf7\" value=\"13155\" \/><input type=\"hidden\" name=\"_wpcf7_version\" value=\"6.1.2\" \/><input type=\"hidden\" name=\"_wpcf7_locale\" value=\"tr_TR\" \/><input type=\"hidden\" name=\"_wpcf7_unit_tag\" value=\"wpcf7-f13155-o1\" \/><input type=\"hidden\" name=\"_wpcf7_container_post\" value=\"0\" \/><input type=\"hidden\" name=\"_wpcf7_posted_data_hash\" value=\"\" \/>\n<\/fieldset>\n<div class=\"cont\">\n\t<div class=\"row\">\n\t\t<div class=\"col-6 col-sm-6\">\n\t\t\t<p><label><br \/>\n<span class=\"wpcf7-form-control-wrap\" data-name=\"text-140\"><input size=\"40\" maxlength=\"400\" class=\"wpcf7-form-control wpcf7-text wpcf7-validates-as-required\" aria-required=\"true\" aria-invalid=\"false\" placeholder=\"\u0418\u043c\u044f \u0424\u0430\u043c\u0438\u043b\u0438\u044f\" value=\"\" type=\"text\" name=\"text-140\" \/><\/span> <\/label>\n\t\t\t<\/p>\n\t\t<\/div>\n\t\t<div class=\"col-6 col-sm-6\">\n\t\t\t<p><label><br \/>\n<span class=\"wpcf7-form-control-wrap\" data-name=\"email-278\"><input size=\"40\" maxlength=\"400\" class=\"wpcf7-form-control wpcf7-email wpcf7-validates-as-required wpcf7-text wpcf7-validates-as-email\" aria-required=\"true\" aria-invalid=\"false\" placeholder=\"\u0410\u0434\u0440\u0435\u0441 \u044d\u043b\u0435\u043a\u0442\u0440\u043e\u043d\u043d\u043e\u0439 \u043f\u043e\u0447\u0442\u044b*\" value=\"\" type=\"email\" name=\"email-278\" \/><\/span><\/label>\n\t\t\t<\/p>\n\t\t<\/div>\n\n <!-- Force next columns to break to new line -->\n\t\t<div class=\"w-100\">\n\t\t<\/div>\n\t<\/div>\n\t<div class=\"row\">\n\t\t<div class=\"col-6 col-sm-6\">\n\t\t\t<p><label><span class=\"wpcf7-form-control-wrap tel-97\"><input class=\"wpcf7-form-control wpcf7-tel wpcf7-validates-as-tel\" aria-invalid=\"false\" value=\"\" type=\"tel\" name=\"tel-97_hide\" data-name=\"tel-97\"  data-pre=\"\" data-excludeCountries=\"\" data-onlyct=\"\" data-defcountry=\"\" data-auto=\"1\" data-validation=\"1\" \/><\/span><\/label>\n\t\t\t<\/p>\n\t\t<\/div>\n\t\t<div class=\"col-6 col-sm-6\">\n\t\t\t<p><label><span class=\"wpcf7-form-control-wrap\" data-name=\"menu-179\"><select class=\"wpcf7-form-control wpcf7-select wpcf7-validates-as-required\" aria-required=\"true\" aria-invalid=\"false\" name=\"menu-179\"><option value=\"W\u00e4hlen Sie Vorg\u00e4nge aus\">W\u00e4hlen Sie Vorg\u00e4nge aus<\/option><option value=\"Renate Lift\">Renate Lift<\/option><option value=\"Gesichts\u00e4sthetik\">Gesichts\u00e4sthetik<\/option><option value=\"Brust\u00e4sthetik\">Brust\u00e4sthetik<\/option><option value=\"K\u00f6rperformung\">K\u00f6rperformung<\/option><option value=\"Fettleibigkeit\">Fettleibigkeit<\/option><option value=\"Medizinische \u00c4sthetik\">Medizinische \u00c4sthetik<\/option><\/select><\/span><\/label>\n\t\t\t<\/p>\n\t\t<\/div>\n\n <!-- Force next columns to break to new line -->\n\t\t<div class=\"w-100\">\n\t\t<\/div>\n\t<\/div>\n<\/div>\n<div class=\"transfer\">\n\t<p><label>\u0412\u044b \u0437\u0430\u043f\u0440\u0430\u0448\u0438\u0432\u0430\u0435\u0442\u0435 \u043f\u0435\u0440\u0435\u0432\u043e\u0434? <span class=\"wpcf7-form-control-wrap\" data-name=\"radio-890\"><span class=\"wpcf7-form-control wpcf7-radio\"><span class=\"wpcf7-list-item first\"><label><input type=\"radio\" name=\"radio-890\" value=\"\u0434\u0430\" checked=\"checked\" \/><span class=\"wpcf7-list-item-label\">\u0434\u0430<\/span><\/label><\/span><span class=\"wpcf7-list-item last\"><label><input type=\"radio\" name=\"radio-890\" value=\"\u043d\u0435\u0442\" \/><span class=\"wpcf7-list-item-label\">\u043d\u0435\u0442<\/span><\/label><\/span><\/span><\/span> <\/label><br \/>\n<label>\u0412\u044b \u0437\u0430\u043f\u0440\u0430\u0448\u0438\u0432\u0430\u0435\u0442\u0435 \u0440\u0430\u0437\u043c\u0435\u0449\u0435\u043d\u0438\u0435 \u0432 \u0433\u043e\u0441\u0442\u0438\u043d\u0438\u0446\u0435? <span class=\"wpcf7-form-control-wrap\" data-name=\"radio-891\"><span class=\"wpcf7-form-control wpcf7-radio\"><span class=\"wpcf7-list-item first\"><label><input type=\"radio\" name=\"radio-891\" value=\"\u0434\u0430\" checked=\"checked\" \/><span class=\"wpcf7-list-item-label\">\u0434\u0430<\/span><\/label><\/span><span class=\"wpcf7-list-item last\"><label><input type=\"radio\" name=\"radio-891\" value=\"\u043d\u0435\u0442\" \/><span class=\"wpcf7-list-item-label\">\u043d\u0435\u0442<\/span><\/label><\/span><\/span><\/span><\/label>\n\t<\/p>\n<\/div>\n<p><input class=\"wpcf7-form-control wpcf7-submit has-spinner\" id=\"button-submit\" type=\"submit\" value=\"\u041e\u0442\u043f\u0440\u0430\u0432\u043b\u044f\u0442\u044c\" \/><br \/>\n<script>\ndocument.getElementById('button-submit').addEventListener(\"click\", function() {\n return gtag_report_conversion('https:\/\/renateclinic.com');\n});\n<\/script>\n<\/p><div class=\"wpcf7-response-output\" aria-hidden=\"true\"><\/div>\n<\/form>\n<\/div>\n\t<\/div>\n\n\t\t\t\t\t<\/div>\n\t\t\t\t<\/div>\n\t\t\t\t\t<\/div>\n\t\t<\/div>\n\t\t\t\t<div class=\"elementor-column elementor-col-50 elementor-top-column elementor-element elementor-element-60627841\" data-id=\"60627841\" data-element_type=\"column\">\n\t\t\t<div class=\"elementor-widget-wrap elementor-element-populated\">\n\t\t\t\t\t\t<div class=\"elementor-element elementor-element-7590f912 elementor-widget elementor-widget-hub_fancy_heading\" data-id=\"7590f912\" data-element_type=\"widget\" data-widget_type=\"hub_fancy_heading.default\">\n\t\t\t\t<div class=\"elementor-widget-container\">\n\t\t\t\t\t\n\t\t<div id=\"ld-fancy-heading-69d1e874dec6b\" class=\"ld-fancy-heading pos-rel\">\n\t\t\t<h2 class=\"ld-fh-element d-inline-block pos-rel  elementor-heading-title lqd-highlight-classic lqd-highlight-grow-left h2\"  > \u0410\u0414\u0420\u0415\u0421 \u042d\u041b\u0415\u041a\u0422\u0420\u041e\u041d\u041d\u041e\u0419 \u041f\u041e\u0427\u0422\u042b \u0438 \u0422\u0415\u041b\u0415\u0424\u041e\u041d\n<\/h2>\t\t<\/div>\n\n\t\t\t\t\t\t<\/div>\n\t\t\t\t<\/div>\n\t\t\t\t<div class=\"elementor-element elementor-element-133663a7 elementor-align-left elementor-widget elementor-widget-ld_icon_box\" data-id=\"133663a7\" data-element_type=\"widget\" data-widget_type=\"ld_icon_box.default\">\n\t\t\t\t<div class=\"elementor-widget-container\">\n\t\t\t\t\t\n\t\t\t<div id=\"ld_icon_box_133663a7\" class=\"iconbox d-flex flex-grow-1 pos-rel flex-wrap align-items-center iconbox-inline\"   >\n\n\t\t\t\t\n\t\t\t\t<div class=\"iconbox-icon-wrap  \"><div class=\"iconbox-icon-container d-inline-flex   \"><i aria-hidden=\"true\" class=\"fas fa-map-marker-alt\"><\/i><\/div><\/div>\n\t\t\t\t<h3 class=\"lqd-iconbox-heading \" >Sinanpa\u015fa mah. Sinapa\u015fa K\u00f6pr\u00fcs\u00fc Sk.\u00c7elik \u0130\u015f Merkezi No:10 \u0130\u00e7 Kap\u0131 No:76 Be\u015fikta\u015f\/\u0130stanbul <\/h3>\n\t\t\t\t\n\t\t\t\t\n\t\t\t\t\t\t\t\t<p><\/p>\n\t\t\t\t\n\t\t\t\t\n\t\t\t\t\n\t\t\t<\/div>\n\n\t\t\t\t\t\t<\/div>\n\t\t\t\t<\/div>\n\t\t\t\t<div class=\"elementor-element elementor-element-b03fbc8 elementor-align-left elementor-widget elementor-widget-ld_icon_box\" data-id=\"b03fbc8\" data-element_type=\"widget\" data-widget_type=\"ld_icon_box.default\">\n\t\t\t\t<div class=\"elementor-widget-container\">\n\t\t\t\t\t\n\t\t\t<div id=\"ld_icon_box_b03fbc8\" class=\"iconbox d-flex flex-grow-1 pos-rel flex-wrap align-items-center iconbox-inline\"   >\n\n\t\t\t\t\n\t\t\t\t<div class=\"iconbox-icon-wrap  \"><div class=\"iconbox-icon-container d-inline-flex   \"><i aria-hidden=\"true\" class=\"fas fa-envelope\"><\/i><\/div><\/div>\n\t\t\t\t<h3 class=\"lqd-iconbox-heading \" >info@renateclinic.com <\/h3>\n\t\t\t\t\n\t\t\t\t\n\t\t\t\t\t\t\t\t<p><\/p>\n\t\t\t\t\n\t\t\t\t\n\t\t\t\t<a href=\"mailto:info@renateclinic.com\" class=\"lqd-overlay z-index-2\" target=\"_blank&quot;\" rel=\"nofollow\" aria-label=\"info@renateclinic.com\"><\/a>\n\t\t\t<\/div>\n\n\t\t\t\t\t\t<\/div>\n\t\t\t\t<\/div>\n\t\t\t\t<div class=\"elementor-element elementor-element-6ece6f82 elementor-align-left elementor-widget elementor-widget-ld_icon_box\" data-id=\"6ece6f82\" data-element_type=\"widget\" data-widget_type=\"ld_icon_box.default\">\n\t\t\t\t<div class=\"elementor-widget-container\">\n\t\t\t\t\t\n\t\t\t<div id=\"ld_icon_box_6ece6f82\" class=\"iconbox d-flex flex-grow-1 pos-rel flex-wrap align-items-center iconbox-inline\"   >\n\n\t\t\t\t\n\t\t\t\t<div class=\"iconbox-icon-wrap  \"><div class=\"iconbox-icon-container d-inline-flex   \"><i aria-hidden=\"true\" class=\"fas fa-mobile\"><\/i><\/div><\/div>\n\t\t\t\t<h3 class=\"lqd-iconbox-heading \" >+90538 659 60 00\n\n <\/h3>\n\t\t\t\t\n\t\t\t\t\n\t\t\t\t\t\t\t\t<p><\/p>\n\t\t\t\t\n\t\t\t\t\n\t\t\t\t<a href=\"tel:+905386596000\" class=\"lqd-overlay z-index-2\" target=\"_blank&quot;\" rel=\"nofollow\" aria-label=\"+90538 659 60 00\n\n\"><\/a>\n\t\t\t<\/div>\n\n\t\t\t\t\t\t<\/div>\n\t\t\t\t<\/div>\n\t\t\t\t<div class=\"elementor-element elementor-element-00ab230 elementor-align-left elementor-widget elementor-widget-ld_icon_box\" data-id=\"00ab230\" data-element_type=\"widget\" data-widget_type=\"ld_icon_box.default\">\n\t\t\t\t<div class=\"elementor-widget-container\">\n\t\t\t\t\t\n\t\t\t<div id=\"ld_icon_box_00ab230\" class=\"iconbox d-flex flex-grow-1 pos-rel flex-wrap align-items-center iconbox-inline\"   >\n\n\t\t\t\t\n\t\t\t\t<div class=\"iconbox-icon-wrap  \"><div class=\"iconbox-icon-container d-inline-flex   \"><i aria-hidden=\"true\" class=\"fab fa-instagram\"><\/i><\/div><\/div>\n\t\t\t\t<h3 class=\"lqd-iconbox-heading \" >Instagram <\/h3>\n\t\t\t\t\n\t\t\t\t\n\t\t\t\t\t\t\t\t<p><\/p>\n\t\t\t\t\n\t\t\t\t\n\t\t\t\t<a href=\"https:\/\/www.instagram.com\/renateclinic\/\" class=\"lqd-overlay z-index-2\" target=\"_blank&quot;\" rel=\"nofollow noopener\" aria-label=\"Instagram\"><\/a>\n\t\t\t<\/div>\n\n\t\t\t\t\t\t<\/div>\n\t\t\t\t<\/div>\n\t\t\t\t<div class=\"elementor-element elementor-element-255695f elementor-widget elementor-widget-google_maps\" data-id=\"255695f\" data-element_type=\"widget\" data-widget_type=\"google_maps.default\">\n\t\t\t\t<div class=\"elementor-widget-container\">\n\t\t\t\t\t\t\t<div class=\"elementor-custom-embed\">\n\t\t\t<iframe loading=\"lazy\"\n\t\t\t\t\tsrc=\"https:\/\/maps.google.com\/maps?q=Sinanpa%C5%9Fa%20mah.%20Sinapa%C5%9Fa%20K%C3%B6pr%C3%BCs%C3%BC%20Sk.%C3%87elik%20%C4%B0%C5%9F%20Merkezi%20No%3A10%20%C4%B0%C3%A7%20Kap%C4%B1%20No%3A76%20Be%C5%9Fikta%C5%9F%2F%C4%B0stanbul&#038;t=m&#038;z=10&#038;output=embed&#038;iwloc=near\"\n\t\t\t\t\ttitle=\"Sinanpa\u015fa mah. Sinapa\u015fa K\u00f6pr\u00fcs\u00fc Sk.\u00c7elik \u0130\u015f Merkezi No:10 \u0130\u00e7 Kap\u0131 No:76 Be\u015fikta\u015f\/\u0130stanbul\"\n\t\t\t\t\taria-label=\"Sinanpa\u015fa mah. Sinapa\u015fa K\u00f6pr\u00fcs\u00fc Sk.\u00c7elik \u0130\u015f Merkezi No:10 \u0130\u00e7 Kap\u0131 No:76 Be\u015fikta\u015f\/\u0130stanbul\"\n\t\t\t><\/iframe>\n\t\t<\/div>\n\t\t\t\t\t\t<\/div>\n\t\t\t\t<\/div>\n\t\t\t\t\t<\/div>\n\t\t<\/div>\n\t\t\t\t\t<\/div>\n\t\t<\/section>\n\t\t\t\t<\/div>\n\t\t","protected":false},"excerpt":{"rendered":"<p>\u043a\u043e\u043d\u0442\u0430\u043a\u0442 \u0412\u044b \u043c\u043e\u0436\u0435\u0442\u0435 \u0441\u0432\u044f\u0437\u0430\u0442\u044c\u0441\u044f \u0441 \u043d\u0430\u043c\u0438 24 \u0447\u0430\u0441\u0430 \u0432 \u0441\u0443\u0442\u043a\u0438 7 \u0434\u043d\u0435\u0439 \u0432 \u043d\u0435\u0434\u0435\u043b\u044e \u0438 \u043e\u0442\u043f\u0440\u0430\u0432\u0438\u0442\u044c \u043d\u0430\u043c \u0441\u0432\u043e\u0438 \u0432\u043e\u043f\u0440\u043e\u0441\u044b \u0438 \u043f\u0440\u043e\u0431\u043b\u0435\u043c\u044b. W\u00e4hlen Sie Vorg\u00e4nge ausRenate LiftGesichts\u00e4sthetikBrust\u00e4sthetikK\u00f6rperformungFettleibigkeitMedizinische \u00c4sthetik \u0412\u044b \u0437\u0430\u043f\u0440\u0430\u0448\u0438\u0432\u0430\u0435\u0442\u0435 \u043f\u0435\u0440\u0435\u0432\u043e\u0434? \u0434\u0430\u043d\u0435\u0442 \u0412\u044b \u0437\u0430\u043f\u0440\u0430\u0448\u0438\u0432\u0430\u0435\u0442\u0435 \u0440\u0430\u0437\u043c\u0435\u0449\u0435\u043d\u0438\u0435 \u0432 \u0433\u043e\u0441\u0442\u0438\u043d\u0438\u0446\u0435? \u0434\u0430\u043d\u0435\u0442 \u0410\u0414\u0420\u0415\u0421 \u042d\u041b\u0415\u041a\u0422\u0420\u041e\u041d\u041d\u041e\u0419 \u041f\u041e\u0427\u0422\u042b \u0438 \u0422\u0415\u041b\u0415\u0424\u041e\u041d Sinanpa\u015fa mah. Sinapa\u015fa K\u00f6pr\u00fcs\u00fc Sk.\u00c7elik \u0130\u015f Merkezi No:10 \u0130\u00e7 Kap\u0131 No:76 Be\u015fikta\u015f\/\u0130stanbul info@renateclinic.com [&hellip;]<\/p>\n","protected":false},"author":1,"featured_media":0,"parent":0,"menu_order":0,"comment_status":"closed","ping_status":"closed","template":"","meta":{"_joinchat":[],"footnotes":""},"class_list":["post-13265","page","type-page","status-publish","hentry"],"_links":{"self":[{"href":"https:\/\/renateclinic.com\/ru\/wp-json\/wp\/v2\/pages\/13265","targetHints":{"allow":["GET"]}}],"collection":[{"href":"https:\/\/renateclinic.com\/ru\/wp-json\/wp\/v2\/pages"}],"about":[{"href":"https:\/\/renateclinic.com\/ru\/wp-json\/wp\/v2\/types\/page"}],"author":[{"embeddable":true,"href":"https:\/\/renateclinic.com\/ru\/wp-json\/wp\/v2\/users\/1"}],"replies":[{"embeddable":true,"href":"https:\/\/renateclinic.com\/ru\/wp-json\/wp\/v2\/comments?post=13265"}],"version-history":[{"count":0,"href":"https:\/\/renateclinic.com\/ru\/wp-json\/wp\/v2\/pages\/13265\/revisions"}],"wp:attachment":[{"href":"https:\/\/renateclinic.com\/ru\/wp-json\/wp\/v2\/media?parent=13265"}],"curies":[{"name":"wp","href":"https:\/\/api.w.org\/{rel}","templated":true}]}}